{"id":4664,"date":"2024-04-18T17:32:01","date_gmt":"2024-04-18T12:02:01","guid":{"rendered":"https:\/\/blissfulbeachbum.com\/?page_id=4664"},"modified":"2024-09-18T11:14:19","modified_gmt":"2024-09-18T05:44:19","slug":"tour-options","status":"publish","type":"page","link":"https:\/\/blissfulbeachbum.com\/de\/tour-options\/","title":{"rendered":"Touroptionen"},"content":{"rendered":"<div class=\"wpb-content-wrapper\">[vc_row full_width=&#8221;stretch_row_content&#8221; equal_height=&#8221;yes&#8221; content_placement=&#8221;middle&#8221; column_separator_row=&#8221;&#8221; css=&#8221;.vc_custom_1566219827820{margin-top: -80px !important;}&#8221;][vc_column css=&#8221;.vc_custom_1713612624135{background-image: url(https:\/\/blissfulbeachbum.com\/wp-content\/uploads\/2024\/04\/turtle-scaled.jpg?id=4756) !important;background-position: center !important;background-repeat: no-repeat !important;background-size: cover !important;}&#8221; offset=&#8221;vc_col-md-6&#8243;][gt3_spacing height=&#8221;445px&#8221;][\/vc_column][vc_column css=&#8221;.vc_custom_1527154993445{padding-left: 10.1% !important;background-image: url(https:\/\/livewp.site\/wp\/md\/surfy\/wp-content\/uploads\/sites\/43\/2018\/05\/img_lessons_1-1.jpg?id=3329) !important;background-position: center !important;background-repeat: no-repeat !important;background-size: cover !important;}&#8221; offset=&#8221;vc_col-md-6&#8243;][gt3_spacing height=&#8221;25px&#8221; responsive_es=&#8221;true&#8221; height_tablet=&#8221;84&#8243;][gt3_custom_text text_color=&#8221;#27323d&#8221; font_size=&#8221;30&#8243; line_height=&#8221;100&#8243;]Eint\u00e4gige Schnorcheltour mit Schildkr\u00f6tenbeobachtung am Madiha Beach[\/gt3_custom_text][gt3_spacing height=&#8221;27px&#8221;][vc_row_inner][vc_column_inner css=&#8221;.vc_custom_1526463008678{padding-right: 29% !important;}&#8221;][gt3_custom_text text_color=&#8221;#737d84&#8243; font_size=&#8221;16&#8243; line_height=&#8221;190&#8243;]Morgen<\/p>\n<p>&nbsp;<\/p>\n<p>08:30 Uhr: Ankunft am Madiha Beach und Treffen mit Ihrem Schnorchelf\u00fchrer.<\/p>\n<p>09:00 Uhr: Einweisung in die Schnorchelausr\u00fcstung und Sicherheitshinweise.<\/p>\n<p>09:30 Uhr: Beginn der Schnorchelsession am angegebenen Ort. Erleben Sie Meereslebewesen, farbenfrohe Korallen und halten Sie Ausschau nach Meeresschildkr\u00f6ten.<\/p>\n<p>11:00 \u2013 11:30 Uhr: Schnorchelpause zur Schildkr\u00f6tenbeobachtung in ihrem nat\u00fcrlichen Lebensraum. Ihr Guide zeigt Ihnen ihre Standorte und gibt Einblicke in diese majest\u00e4tischen Kreaturen.<\/p>\n<p>Mittagspause<\/p>\n<p>&nbsp;<\/p>\n<p>11:30 \u2013 13:00 Uhr: Nach dem Schnorcheln und der Schildkr\u00f6tenbeobachtung entspannen Sie sich und genie\u00dfen ein Mittagessen am Strand mit lokalen Meeresfr\u00fcchte-Delikatessen.<\/p>\n<p><strong>Preis pro Person 75 USD (mindestens 2 Personen; wenn Sie 1 Person ben\u00f6tigen, erkundigen Sie sich bitte)<\/strong>[\/gt3_custom_text][\/vc_column_inner][\/vc_row_inner][gt3_spacing height=&#8221;49px&#8221; responsive_es=&#8221;true&#8221; height_tablet=&#8221;107&#8243;][\/vc_column][\/vc_row][vc_row full_width=&#8221;stretch_row_content&#8221; equal_height=&#8221;yes&#8221; content_placement=&#8221;middle&#8221; reverse_columns_in_mobile=&#8221;yes&#8221; column_separator_row=&#8221;&#8221;][vc_column css=&#8221;.vc_custom_1527155272664{padding-left: 29% !important;background-image: url(https:\/\/livewp.site\/wp\/md\/surfy\/wp-content\/uploads\/sites\/43\/2018\/05\/img_lessons_2-2.jpg?id=3328) !important;background-position: center !important;background-repeat: no-repeat !important;background-size: cover !important;}&#8221; offset=&#8221;vc_col-md-6&#8243;][gt3_spacing height=&#8221;25px&#8221; responsive_es=&#8221;true&#8221; height_tablet=&#8221;84&#8243;][gt3_custom_text text_color=&#8221;#ffffff&#8221; font_size=&#8221;30&#8243; line_height=&#8221;100&#8243;]Stadtrundfahrt durch die Festung Galle[\/gt3_custom_text][gt3_spacing height=&#8221;27px&#8221;][vc_row_inner][vc_column_inner css=&#8221;.vc_custom_1526464567328{padding-right: 15.9% !important;}&#8221;][gt3_custom_text text_color=&#8221;#c9d4dc&#8221; font_size=&#8221;16&#8243; line_height=&#8221;190&#8243;]Morgen<\/p>\n<p>&nbsp;<\/p>\n<p>09:00 Uhr: Treffen Sie Ihren Reiseleiter am Eingang von Blissful Beach Bum und reisen Sie nach Galle.<\/p>\n<p>09:45 Uhr: Beginn des Rundgangs im Galle Fort, einem UNESCO-Weltkulturerbe.<\/p>\n<p>Sehensw\u00fcrdigkeiten:<\/p>\n<p>&nbsp;<\/p>\n<p>Galle Fort Ramparts: Spaziergang entlang der historischen Befestigungsanlagen mit Panoramablick auf den Indischen Ozean und die Umgebung der Festung.<\/p>\n<p>Dutch Hospital Complex: Erkundung des restaurierten Dutch Hospital, heute ein charmantes Einkaufs- und Essviertel mit Boutiquen, Caf\u00e9s und Galerien.<\/p>\n<p>Groote Kerk (Niederl\u00e4ndisch Reformierte Kirche): Besuch der ikonischen Kirche, bekannt f\u00fcr ihre koloniale Architektur und historische Bedeutung.<\/p>\n<p>Leuchtturm von Galle: Bewundern Sie den malerischen Leuchtturm, ein Symbol des maritimen Erbes der Stadt, an der s\u00fcdlichsten Spitze der Festung.<\/p>\n<p>Stra\u00dfen der Altstadt: Spaziergang durch die engen Gassen der Altstadt, ges\u00e4umt von Geb\u00e4uden aus der Kolonialzeit, malerischen Gesch\u00e4ften und lebendiger Stra\u00dfenkunst.<\/p>\n<p>Mittagspause<\/p>\n<p>&nbsp;<\/p>\n<p>12:30 Uhr: Traditionelles sri-lankisches Mittagessen in einem lokalen Restaurant im Galle Fort mit authentischen Aromen und regionalen Spezialit\u00e4ten.<\/p>\n<p>Nachmittag<\/p>\n<p>&nbsp;<\/p>\n<p>14:00 Uhr: Fortsetzung der Stadtrundfahrt und Erkundung der kulturellen und historischen Sehensw\u00fcrdigkeiten des Galle Fort.<\/p>\n<p>Sehensw\u00fcrdigkeiten (Fortsetzung):<\/p>\n<p>&nbsp;<\/p>\n<p>Uhrturm des Galle Fort: Entdecken Sie den ber\u00fchmten Uhrturm, ein markantes Wahrzeichen aus der britischen Kolonialzeit.<\/p>\n<p>National Maritime Museum: Besuch des Museums, um mehr \u00fcber die Schifffahrtsgeschichte von Galle zu erfahren.<\/p>\n<p>Arch\u00e4ologisches Reservat der Festung Galle: Erkundung des arch\u00e4ologischen Reservats innerhalb der Festung mit antiken Ruinen, Kanonen und historischen Monumenten.<\/p>\n<p>Shopping &amp; Freizeit<\/p>\n<p>&nbsp;<\/p>\n<p>16:00 Uhr: Freizeit zum Einkaufen von Souvenirs, Kunsthandwerk und lokalen Produkten in den Boutiquen und Galerien im Galle Fort.<\/p>\n<p>17:30 Uhr: Optionaler Spaziergang bei Sonnenuntergang entlang der Festungsmauern oder Entspannung in einem Caf\u00e9 am Meer, um den Sonnenuntergang \u00fcber dem Ozean zu genie\u00dfen.<\/p>\n<p><strong>Preis pro Person 95 USD (mindestens 2 Personen; wenn Sie 1 Person ben\u00f6tigen, erkundigen Sie sich bitte)<\/strong>[\/gt3_custom_text][\/vc_column_inner][\/vc_row_inner][gt3_spacing height=&#8221;49px&#8221; responsive_es=&#8221;true&#8221; height_tablet=&#8221;107&#8243;][\/vc_column][vc_column css=&#8221;.vc_custom_1713614774866{background-image: url(https:\/\/blissfulbeachbum.com\/wp-content\/uploads\/2024\/04\/galle-scaled.jpg?id=4764) !important;background-position: center !important;background-repeat: no-repeat !important;background-size: cover !important;}&#8221; offset=&#8221;vc_col-md-6&#8243;][gt3_spacing height=&#8221;445px&#8221;][\/vc_column][\/vc_row][vc_row full_width=&#8221;stretch_row_content&#8221; equal_height=&#8221;yes&#8221; content_placement=&#8221;middle&#8221;][vc_column css=&#8221;.vc_custom_1713614949154{background-image: url(https:\/\/blissfulbeachbum.com\/wp-content\/uploads\/2024\/04\/forest-scaled.jpg?id=4765) !important;background-position: center !important;background-repeat: no-repeat !important;background-size: cover !important;}&#8221; offset=&#8221;vc_col-md-6&#8243;][gt3_spacing height=&#8221;445px&#8221;][\/vc_column][vc_column css=&#8221;.vc_custom_1527155295210{padding-left: 10.1% !important;background-image: url(https:\/\/livewp.site\/wp\/md\/surfy\/wp-content\/uploads\/sites\/43\/2018\/05\/img_lessons_3-3.jpg?id=3327) !important;background-position: center !important;background-repeat: no-repeat !important;background-size: cover !important;}&#8221; offset=&#8221;vc_col-md-6&#8243;][gt3_spacing height=&#8221;25px&#8221; responsive_es=&#8221;true&#8221; height_tablet=&#8221;84&#8243;][gt3_custom_text text_color=&#8221;#27323d&#8221; font_size=&#8221;30&#8243; line_height=&#8221;100&#8243;]<strong>Eint\u00e4gige Sinharaja-Regenwaldtour<\/strong>[\/gt3_custom_text][gt3_spacing height=&#8221;27px&#8221;][vc_row_inner][vc_column_inner css=&#8221;.vc_custom_1526464854064{padding-right: 31% !important;}&#8221;][gt3_custom_text text_color=&#8221;#737d84&#8243; font_size=&#8221;16&#8243; line_height=&#8221;190&#8243;]Morgen<\/p>\n<p>07:00 Uhr: Abfahrt vom Blissful Beach Bum<br \/>\n09:00 Uhr: Ankunft am Eingang des Sinharaja Rainforest Reserve.<\/p>\n<p>Gef\u00fchrte Wandertour<\/p>\n<p>09:15 \u2013 11:30 Uhr: Beginnen Sie die gef\u00fchrte Wanderung in den Sinharaja-Regenwald. Entdecken Sie das \u00dcppige<br \/>\nBiodiversit\u00e4t, endemische Flora und Fauna und erfahren Sie mehr \u00fcber das Regenwald-\u00d6kosystem von Ihrem<br \/>\nsachkundiger F\u00fchrer.<\/p>\n<p>Besichtigungen und Tierbeobachtungen<\/p>\n<p>11:30 \u2013 12:30 Uhr: Machen Sie eine Pause an malerischen Aussichtspunkten und Aussichtspunkten, um die nat\u00fcrliche Sch\u00f6nheit zu genie\u00dfen<br \/>\nSinharaja. Halten Sie Ausschau nach Tierbeobachtungen wie bunten V\u00f6geln, Schmetterlingen und, wenn Sie Gl\u00fcck haben, auch seltenen Exemplaren<br \/>\nArten wie der Purpurgesichtslangur.<\/p>\n<p>Mittagspause<\/p>\n<p>12:30 \u2013 13:30 Uhr: Genie\u00dfen Sie ein Lunchpaket inmitten der ruhigen Umgebung des Sinharaja-Regenwaldes.<br \/>\nNachmittag<\/p>\n<p>13:30 \u2013 15:30 Uhr: Setzen Sie die gef\u00fchrte Wanderung fort und tauchen Sie tiefer in das Innere des Regenwaldes ein. Begegnen<br \/>\neinzigartige Pflanzenarten, kaskadierende B\u00e4che und ruhige Naturpfade.<br \/>\nWasserfallbesuch (optional)<\/p>\n<p>15:30 \u2013 16:30 Uhr: Besuchen Sie je nach Energie und Interesse der Gruppe einen nahegelegenen Wasserfall<br \/>\nBesuchen Sie den Sinharaja-Regenwald f\u00fcr ein erfrischendes Bad oder Entspannung.<\/p>\n<p>16:30 Uhr: R\u00fcckkehr zum Eingang des Sinharaja-Regenwaldes.<\/p>\n<p>17:00 Uhr: Abfahrt nach Blissful Beach Bum, wo Sie \u00fcber die Erlebnisse des Tages und die Naturwunder nachdenken<br \/>\nSinharaja-Regenwald.<\/p>\n<p><strong>Preis pro Person 110 USD (mindestens 2 Personen; wenn Sie 1 Person ben\u00f6tigen, erkundigen Sie sich bitte)<\/strong>[\/gt3_custom_text][\/vc_column_inner][\/vc_row_inner][gt3_spacing height=&#8221;49px&#8221; responsive_es=&#8221;true&#8221; height_tablet=&#8221;107&#8243;][\/vc_column][\/vc_row][vc_row full_width=&#8221;stretch_row_content&#8221; equal_height=&#8221;yes&#8221; content_placement=&#8221;middle&#8221; reverse_columns_in_mobile=&#8221;yes&#8221; column_separator_row=&#8221;&#8221;][vc_column css=&#8221;.vc_custom_1527155323773{padding-left: 29% !important;background-image: url(https:\/\/livewp.site\/wp\/md\/surfy\/wp-content\/uploads\/sites\/43\/2018\/05\/img_lessons_4-4.jpg?id=3326) !important;background-position: center !important;background-repeat: no-repeat !important;background-size: cover !important;}&#8221; offset=&#8221;vc_col-md-6&#8243;][gt3_spacing height=&#8221;25px&#8221; responsive_es=&#8221;true&#8221; height_tablet=&#8221;84&#8243;][gt3_custom_text text_color=&#8221;#ffffff&#8221; font_size=&#8221;30&#8243; line_height=&#8221;100&#8243;]<strong>Eint\u00e4gige Walbeobachtungstour ab Mirissa<\/strong>[\/gt3_custom_text][gt3_spacing height=&#8221;27px&#8221;][vc_row_inner][vc_column_inner css=&#8221;.vc_custom_1526464908960{padding-right: 15.9% !important;}&#8221;][gt3_custom_text text_color=&#8221;#c9d4dc&#8221; font_size=&#8221;16&#8243; line_height=&#8221;190&#8243;]Morgen<\/p>\n<p>06:00 Uhr: Abfahrt vom Hafen von Mirissa mit einem speziellen Walbeobachtungsboot.<\/p>\n<p>06:30 \u2013 10:30 Uhr: Segeln Sie hinaus in die tiefen Gew\u00e4sser des Indischen Ozeans, gef\u00fchrt von erfahrenen Seeleuten<br \/>\nNaturforscher und Bootsbesatzung.<\/p>\n<p>Walbeobachtungserlebnis<\/p>\n<p>07:00 \u2013 10:00 Uhr: Halten Sie Ausschau nach majest\u00e4tischen Meeress\u00e4ugetieren, darunter Blauwale und Pottwale<br \/>\nWale und Delfine. Erfahren Sie mehr \u00fcber ihr Verhalten, ihre Migrationsmuster und ihre Naturschutzbem\u00fchungen<br \/>\nExperten an Bord.<\/p>\n<p>Erfrischungen an Bord<\/p>\n<p>10:00 \u2013 10:30 Uhr: Genie\u00dfen Sie leichte Erfrischungen und Snacks auf dem Boot, w\u00e4hrend Sie weiterfahren<br \/>\nWalbeobachtungserlebnis.<\/p>\n<p>Mittagspause<\/p>\n<p>11:00 \u2013 12:30 Uhr: R\u00fcckkehr zum Hafen von Mirissa und Ausschiffung. Genie\u00dfen Sie ein gem\u00fctliches Mittagessen an einem Strand<br \/>\nRestaurant, in dem Sie frische Meeresfr\u00fcchte und lokale K\u00fcche genie\u00dfen k\u00f6nnen.<\/p>\n<p>Nachmittag<\/p>\n<p>13:00 &#8211; 15:00 Uhr: Optionale Aktivit\u00e4ten in Mirissa, wie z. B. ein Besuch des Fischereihafens von Mirissa<br \/>\nden t\u00e4glichen Fang, erkunden Sie nahe gelegene Str\u00e4nde zum Schwimmen oder Sonnenbaden oder unternehmen Sie eine kurze Wanderung zu einem malerischen Ort<br \/>\nStandpunkt.<\/p>\n<p>Kulturelle Erfahrung (optional)<\/p>\n<p>15:30 &#8211; 17:30 Uhr: Besuchen Sie eine nahegelegene kulturelle St\u00e4tte oder Attraktion, z. B. einen buddhistischen Tempel oder einen Gew\u00fcrzgarten<br \/>\nTauchen Sie ein in die lokale Kultur und Traditionen.<\/p>\n<p>Sonnenuntergang am Parrot Rock (optional)<\/p>\n<p>17:30 \u2013 19:00 Uhr: Beenden Sie den Tag mit einem Besuch des Parrot Rock, einer malerischen Meeresfelsenformation vor der K\u00fcste<br \/>\nMirissa Beach, um einen atemberaubenden Sonnenuntergang \u00fcber dem Meer zu erleben.<\/p>\n<p>Abschluss<\/p>\n<p>19:30 Uhr: R\u00fcckkehr zum Blissful Beach Bum, wo Sie \u00fcber das unvergessliche Walbeobachtungserlebnis nachdenken<br \/>\nTagestour.<\/p>\n<p><strong>Preis pro Person 100 USD (mindestens 2 Personen; wenn Sie 1 Person ben\u00f6tigen, erkundigen Sie sich bitte)<\/strong>[\/gt3_custom_text][\/vc_column_inner][\/vc_row_inner][gt3_spacing height=&#8221;49px&#8221; responsive_es=&#8221;true&#8221; height_tablet=&#8221;107&#8243;][\/vc_column][vc_column css=&#8221;.vc_custom_1713615169427{background-image: url(https:\/\/blissfulbeachbum.com\/wp-content\/uploads\/2024\/04\/whalewatching-scaled.jpg?id=4767) !important;background-position: center !important;background-repeat: no-repeat !important;background-size: cover !important;}&#8221; offset=&#8221;vc_col-md-6&#8243;][gt3_spacing height=&#8221;445px&#8221;][\/vc_column][\/vc_row]\n<\/div>","protected":false},"excerpt":{"rendered":"<p>[vc_row full_width=&#8221;stretch_row_content&#8221; equal_height=&#8221;yes&#8221; content_placement=&#8221;middle&#8221; column_separator_row=&#8221;&#8221; css=&#8221;.vc_custom_1566219827820{margin-top: -80px !important;}&#8221;][vc_column css=&#8221;.vc_custom_1713612624135{background-image: url(https:\/\/blissfulbeachbum.com\/wp-content\/uploads\/2024\/04\/turtle-scaled.jpg?id=4756) !important;background-position: center !important;background-repeat: no-repeat !important;background-size: cover !important;}&#8221; offset=&#8221;vc_col-md-6&#8243;][gt3_spacing height=&#8221;445px&#8221;][\/vc_column][vc_column css=&#8221;.vc_custom_1527154993445{padding-left: 10.1% !important;background-image: url(https:\/\/livewp.site\/wp\/md\/surfy\/wp-content\/uploads\/sites\/43\/2018\/05\/img_lessons_1-1.jpg?id=3329) !important;background-position: center !important;background-repeat: no-repeat !important;background-size: cover !important;}&#8221; offset=&#8221;vc_col-md-6&#8243;][gt3_spacing height=&#8221;25px&#8221; responsive_es=&#8221;true&#8221; height_tablet=&#8221;84&#8243;][gt3_custom_text text_color=&#8221;#27323d&#8221; font_size=&#8221;30&#8243; line_height=&#8221;100&#8243;]Eint\u00e4gige Schnorcheltour mit Schildkr\u00f6tenbeobachtung am Madiha Beach[\/gt3_custom_text][gt3_spacing height=&#8221;27px&#8221;][vc_row_inner][vc_column_inner css=&#8221;.vc_custom_1526463008678{padding-right: 29% !important;}&#8221;][gt3_custom_text text_color=&#8221;#737d84&#8243; font_size=&#8221;16&#8243; line_height=&#8221;190&#8243;]Morgen &nbsp; 08:30 Uhr: Ankunft am [&hellip;]<\/p>\n","protected":false},"author":1,"featured_media":0,"parent":0,"menu_order":0,"comment_status":"closed","ping_status":"closed","template":"","meta":{"om_disable_all_campaigns":false,"_monsterinsights_skip_tracking":false,"_monsterinsights_sitenote_active":false,"_monsterinsights_sitenote_note":"","_monsterinsights_sitenote_category":0,"footnotes":""},"class_list":["post-4664","page","type-page","status-publish","hentry"],"aioseo_notices":[],"_links":{"self":[{"href":"https:\/\/blissfulbeachbum.com\/de\/wp-json\/wp\/v2\/pages\/4664","targetHints":{"allow":["GET"]}}],"collection":[{"href":"https:\/\/blissfulbeachbum.com\/de\/wp-json\/wp\/v2\/pages"}],"about":[{"href":"https:\/\/blissfulbeachbum.com\/de\/wp-json\/wp\/v2\/types\/page"}],"author":[{"embeddable":true,"href":"https:\/\/blissfulbeachbum.com\/de\/wp-json\/wp\/v2\/users\/1"}],"replies":[{"embeddable":true,"href":"https:\/\/blissfulbeachbum.com\/de\/wp-json\/wp\/v2\/comments?post=4664"}],"version-history":[{"count":15,"href":"https:\/\/blissfulbeachbum.com\/de\/wp-json\/wp\/v2\/pages\/4664\/revisions"}],"predecessor-version":[{"id":5059,"href":"https:\/\/blissfulbeachbum.com\/de\/wp-json\/wp\/v2\/pages\/4664\/revisions\/5059"}],"wp:attachment":[{"href":"https:\/\/blissfulbeachbum.com\/de\/wp-json\/wp\/v2\/media?parent=4664"}],"curies":[{"name":"wp","href":"https:\/\/api.w.org\/{rel}","templated":true}]}}