{"id":4594,"date":"2024-04-15T12:56:10","date_gmt":"2024-04-15T07:26:10","guid":{"rendered":"https:\/\/blissfulbeachbum.com\/?page_id=4594"},"modified":"2024-08-21T17:28:02","modified_gmt":"2024-08-21T11:58:02","slug":"surfing","status":"publish","type":"page","link":"https:\/\/blissfulbeachbum.com\/de\/surfing\/","title":{"rendered":"Surfen Seite"},"content":{"rendered":"<div class=\"wpb-content-wrapper\">[vc_row][vc_column width=&#8221;1\/3&#8243;][vc_single_image image=&#8221;4787&#8243; img_size=&#8221;550&#215;370&#8243; css=&#8221;.vc_custom_1714800514284{padding-bottom: 30px !important;}&#8221;][gt3_custom_text text_color=&#8221;#27323d&#8221; font_size=&#8221;30&#8243; line_height=&#8221;100&#8243;]Anf\u00e4ngerkurse[\/gt3_custom_text][vc_column_text]Sind Sie bereit, Ihre erste Welle zu reiten und den Nervenkitzel des Surfens zu erleben? Unser Surfkurs-Paket f\u00fcr Anf\u00e4nger in Weligama ist genau auf Sie zugeschnitten! Weligama liegt im Herzen des Surfparadieses Sri Lankas und bietet Anf\u00e4ngern ideale Bedingungen, um in ihrem eigenen Tempo zu lernen und Fortschritte zu machen. Mit unseren erfahrenen Lehrern und erstklassiger Ausr\u00fcstung werden Sie in k\u00fcrzester Zeit wie ein Profi auf den Wellen reiten.<\/p>\n<p><strong>F\u00fcr Surfanf\u00e4nger:<\/strong><br \/>\n<strong>Dauer 90 Minuten<\/strong><\/p>\n<p>1 Surfstunde 17 $<br \/>\n4 Surfstunden 60 $<br \/>\n7 Surfstunden 100 $[\/vc_column_text][gt3_spacing height=&#8221;50px&#8221;][vc_tta_tabs][vc_tta_section title=&#8221;PROFESSIONELLER SURF-UNTERRICHT&#8221; tab_id=&#8221;1713163430484-54b586bd-66ed&#8221;][vc_column_text]Unser Team aus erfahrenen und zertifizierten Surflehrern bringt Anf\u00e4ngern mit Leidenschaft die Kunst des Surfens bei. Sie bieten pers\u00f6nliche Anleitung und Feedback, damit Sie die Grundlagen schnell und sicher erlernen.[\/vc_column_text][\/vc_tta_section][vc_tta_section title=&#8221;HOCHWERTIGE AUSR\u00dcSTUNG&#8221; tab_id=&#8221;1713163430495-3e10bbcb-a921&#8243;][vc_column_text]Machen Sie sich keine Sorgen um Ihre Ausr\u00fcstung \u2013 wir bieten erstklassige Surfbretter und Neoprenanz\u00fcge f\u00fcr fortgeschrittene Surfer. Unsere Ausr\u00fcstung ist darauf ausgelegt, Ihre Leistung und Ihren Komfort im Wasser zu optimieren.[\/vc_column_text][\/vc_tta_section][vc_tta_section title=&#8221;UMFASSENDER UNTERRICHT&#8221; tab_id=&#8221;1713163491854-c3507073-e379&#8243;][vc_column_text]Unser Surfkurs-Paket f\u00fcr Anf\u00e4nger umfasst eine Reihe strukturierter Lektionen, die wichtige Themen wie Sicherheit im Meer, Paddeltechniken, das Aufstehen auf dem Brett und das Wellenreiten abdecken. Jede Lektion baut auf der vorherigen auf und sorgt so f\u00fcr stetigen Fortschritt und Vertrauensbildung.[\/vc_column_text][\/vc_tta_section][\/vc_tta_tabs][\/vc_column][vc_column width=&#8221;1\/3&#8243;][vc_single_image image=&#8221;4612&#8243; img_size=&#8221;full&#8221; css=&#8221;.vc_custom_1713170078977{padding-bottom: 30px !important;}&#8221;][gt3_custom_text text_color=&#8221;#27323d&#8221; font_size=&#8221;30&#8243; line_height=&#8221;100&#8243;]PROFESSIONELLER SURF-UNTERRICHT[\/gt3_custom_text][vc_column_text]Unser Team aus erfahrenen und zertifizierten Surflehrern bringt Anf\u00e4ngern mit Leidenschaft die Kunst des Surfens bei. Sie bieten pers\u00f6nliche Anleitung und Feedback, damit Sie die Grundlagen schnell und sicher erlernen.<\/p>\n<p><strong>F\u00fcr fortgeschrittene Surfer:<\/strong><br \/>\n<strong>Dauer: 120 Minuten<\/strong><\/p>\n<p>1 Surfstunde 35 $<br \/>\n4 Surfstunden 130 $<br \/>\n7 Surfstunden 220 $[\/vc_column_text][gt3_spacing height=&#8221;50px&#8221;][vc_tta_tabs][vc_tta_section title=&#8221;FORTGESCHRITTENES COACHING&#8221; tab_id=&#8221;1713166517033-58a922e3-1ae1&#8243;][vc_column_text]Unser Team aus erfahrenen Surftrainern ist darauf spezialisiert, fortgeschrittenen Surfern dabei zu helfen, ihre F\u00e4higkeiten zu verfeinern und anspruchsvollere Wellen zu meistern. Sie erhalten pers\u00f6nliches Feedback und Tipps, um Ihre Paddel-, Wendeman\u00f6ver- und Wellenauswahltechniken zu verbessern.[\/vc_column_text][\/vc_tta_section][vc_tta_section title=&#8221;Hochwertige Surfausr\u00fcstung&#8221; tab_id=&#8221;1713166517059-3aaa66e2-8659&#8243;][vc_column_text]Machen Sie sich keine Sorgen dar\u00fcber, Ihre eigene Ausr\u00fcstung mitzubringen \u2013 wir bieten alles, was Sie f\u00fcr einen erfolgreichen Surfunterricht ben\u00f6tigen. Von anf\u00e4ngerfreundlichen Surfbrettern bis hin zu bequemen Neoprenanz\u00fcgen sind Sie bei uns genau richtig.[\/vc_column_text][\/vc_tta_section][vc_tta_section title=&#8221;PROGRESSIVE LEKTIONEN&#8221; tab_id=&#8221;1713166517084-8c9330a3-8851&#8243;][vc_column_text]Unser Surfkurs-Paket f\u00fcr Fortgeschrittene besteht aus aufeinander aufbauenden Lektionen, die sich auf die Verbesserung spezifischer Aspekte Ihres Surfens konzentrieren, wie z. B. Geschwindigkeitserzeugung, Man\u00f6verausf\u00fchrung und das Verst\u00e4ndnis von Wellenbedingungen. Jede Lektion baut auf Ihren vorhandenen F\u00e4higkeiten auf und fordert Sie heraus, Ihre Grenzen zu \u00fcberschreiten.[\/vc_column_text][\/vc_tta_section][\/vc_tta_tabs][\/vc_column][vc_column width=&#8221;1\/3&#8243;][vc_single_image image=&#8221;4611&#8243; img_size=&#8221;full&#8221; css=&#8221;.vc_custom_1713170092012{padding-bottom: 30px !important;}&#8221;][gt3_custom_text text_color=&#8221;#27323d&#8221; font_size=&#8221;30&#8243; line_height=&#8221;100&#8243;]Surf Guiding (Fortgeschritten)[\/gt3_custom_text][vc_column_text]Suchen Sie nach dem ultimativen Surf-Abenteuer in Weligama? Dann ist unser Surf-Guiding-Service genau das Richtige f\u00fcr Sie. Dieser Service richtet sich an Surfer, die die verborgenen Sch\u00e4tze und epischen Wellen der Region entdecken m\u00f6chten. Egal, ob Sie ein erfahrener Surfer sind oder neue Breaks erkunden m\u00f6chten, unsere erfahrenen Guides f\u00fchren Sie zu den besten Wellen und sorgen f\u00fcr ein unvergessliches Surf-Erlebnis in Weligama.<\/p>\n<p><strong>F\u00fcr Surf Guiding: (Fortgeschritten)<\/strong><br \/>\n<strong>Dauer: 120 Minuten<\/strong><\/p>\n<p>1 Surfstunde 60 $<br \/>\n4 Surfstunden 220 $<br \/>\nHalbt\u00e4giges Surfen 175 $[\/vc_column_text][gt3_spacing height=&#8221;80px&#8221;][vc_tta_tabs][vc_tta_section title=&#8221;EXPERTEN-REISEF\u00dcHRER AUS DER REGION&#8221; tab_id=&#8221;1713163430484-54b586bd-66ed&#8221;][vc_column_text]Unsere Surfguides sind leidenschaftliche Surfer mit umfassenden Kenntnissen \u00fcber die Surfbr\u00fcche, Gezeiten und Bedingungen von Weligama. Sie bringen Sie zu weniger bekannten Spots, geheimen Riffen und ber\u00fchmten Point Breaks und sorgen daf\u00fcr, dass Sie das gesamte Spektrum des Surfens in Weligama erleben.[\/vc_column_text][\/vc_tta_section][vc_tta_section title=&#8221;MASSGESCHNEIDERTER SURFUNTERRICHT&#8221; tab_id=&#8221;1713163430495-3e10bbcb-a921&#8243;][vc_column_text]Egal, ob Sie lange, brechende Wellen, schnelle Barrels oder verspielte Beachbreaks bevorzugen, unsere Surfguides passen jede Session individuell an Ihr K\u00f6nnen, Ihren Surfstil und Ihre Vorlieben an. Sie beurteilen die Bedingungen und w\u00e4hlen den besten Spot f\u00fcr ein optimales Surferlebnis aus.[\/vc_column_text][\/vc_tta_section][vc_tta_section title=&#8221;TRANSPORT UND LOGISTIK&#8221; tab_id=&#8221;1713163491854-c3507073-e379&#8243;][vc_column_text]Vergessen Sie den Stress, unbekannte Stra\u00dfen zu befahren und einen Parkplatz zu finden \u2013 unser Surf-Guiding-Service umfasst den Transport zu und von den Surfspots. Lehnen Sie sich zur\u00fcck, entspannen Sie sich und konzentrieren Sie sich auf das Wellenreiten, w\u00e4hrend wir uns um die Logistik k\u00fcmmern.[\/vc_column_text][\/vc_tta_section][\/vc_tta_tabs][\/vc_column][\/vc_row][vc_row column_separator_row=&#8221;&#8221; masked_row=&#8221;&#8221; css=&#8221;.vc_custom_1713611942931{padding-bottom: 20px !important;}&#8221;][vc_column width=&#8221;1\/3&#8243;][vc_column_text]F\u00fcr Surfanf\u00e4nger:<br \/>\nDauer 90 Minuten<\/p>\n<p>1 Surfstunde 17 $<br \/>\n4 Surfstunden 60 $<br \/>\n7 Surfstunden 100 $[\/vc_column_text][\/vc_column][vc_column width=&#8221;1\/3&#8243;][vc_column_text]F\u00fcr fortgeschrittene Surfer:<br \/>\nDauer: 120 Minuten<\/p>\n<p>1 Surfstunde 35 $<br \/>\n4 Surfstunden 130 $<br \/>\n7 Surfstunden 220 $[\/vc_column_text][\/vc_column][vc_column width=&#8221;1\/3&#8243;][vc_column_text]F\u00fcr Surf Guiding: (Fortgeschritten)<br \/>\nDauer: 120 Minuten<\/p>\n<p>1 Surfstunde 60 $<br \/>\n4 Surfstunden 220 $<br \/>\nHalbt\u00e4giges Surfen 175 $[\/vc_column_text][\/vc_column][\/vc_row][vc_row][vc_column][vc_gallery interval=&#8221;3&#8243; images=&#8221;4429,4631,4632,4633,4634,4652,4653,4654&#8243; img_size=&#8221;large&#8221; onclick=&#8221;&#8221;][\/vc_column][\/vc_row]\n<\/div>","protected":false},"excerpt":{"rendered":"<p>[vc_row][vc_column width=&#8221;1\/3&#8243;][vc_single_image image=&#8221;4787&#8243; img_size=&#8221;550&#215;370&#8243; css=&#8221;.vc_custom_1714800514284{padding-bottom: 30px !important;}&#8221;][gt3_custom_text text_color=&#8221;#27323d&#8221; font_size=&#8221;30&#8243; line_height=&#8221;100&#8243;]Anf\u00e4ngerkurse[\/gt3_custom_text][vc_column_text]Sind Sie bereit, Ihre erste Welle zu reiten und den Nervenkitzel des Surfens zu erleben? Unser Surfkurs-Paket f\u00fcr Anf\u00e4nger in Weligama ist genau auf Sie zugeschnitten! Weligama liegt im Herzen des Surfparadieses Sri Lankas und bietet Anf\u00e4ngern ideale Bedingungen, um in ihrem eigenen Tempo zu lernen [&hellip;]<\/p>\n","protected":false},"author":1,"featured_media":0,"parent":0,"menu_order":0,"comment_status":"closed","ping_status":"closed","template":"","meta":{"om_disable_all_campaigns":false,"_monsterinsights_skip_tracking":false,"_monsterinsights_sitenote_active":false,"_monsterinsights_sitenote_note":"","_monsterinsights_sitenote_category":0,"footnotes":""},"class_list":["post-4594","page","type-page","status-publish","hentry"],"aioseo_notices":[],"_links":{"self":[{"href":"https:\/\/blissfulbeachbum.com\/de\/wp-json\/wp\/v2\/pages\/4594","targetHints":{"allow":["GET"]}}],"collection":[{"href":"https:\/\/blissfulbeachbum.com\/de\/wp-json\/wp\/v2\/pages"}],"about":[{"href":"https:\/\/blissfulbeachbum.com\/de\/wp-json\/wp\/v2\/types\/page"}],"author":[{"embeddable":true,"href":"https:\/\/blissfulbeachbum.com\/de\/wp-json\/wp\/v2\/users\/1"}],"replies":[{"embeddable":true,"href":"https:\/\/blissfulbeachbum.com\/de\/wp-json\/wp\/v2\/comments?post=4594"}],"version-history":[{"count":30,"href":"https:\/\/blissfulbeachbum.com\/de\/wp-json\/wp\/v2\/pages\/4594\/revisions"}],"predecessor-version":[{"id":5052,"href":"https:\/\/blissfulbeachbum.com\/de\/wp-json\/wp\/v2\/pages\/4594\/revisions\/5052"}],"wp:attachment":[{"href":"https:\/\/blissfulbeachbum.com\/de\/wp-json\/wp\/v2\/media?parent=4594"}],"curies":[{"name":"wp","href":"https:\/\/api.w.org\/{rel}","templated":true}]}}