{"id":4523,"date":"2024-04-07T14:20:01","date_gmt":"2024-04-07T08:50:01","guid":{"rendered":"https:\/\/blissfulbeachbum.com\/beta\/?page_id=4523"},"modified":"2024-08-21T16:05:33","modified_gmt":"2024-08-21T10:35:33","slug":"surfing-in-weligama","status":"publish","type":"page","link":"https:\/\/blissfulbeachbum.com\/de\/surfing-in-weligama\/","title":{"rendered":"SURFEN IN WELIGAMA"},"content":{"rendered":"<div class=\"wpb-content-wrapper\">[vc_row full_width=&#8221;stretch_row&#8221; column_separator_row=&#8221;&#8221; masked_row=&#8221;&#8221; css=&#8221;.vc_custom_1712481036832{margin-top: -80px !important;background-position: center !important;background-repeat: no-repeat !important;background-size: cover !important;}&#8221;][vc_column width=&#8221;1\/2&#8243;][vc_single_image image=&#8221;4646&#8243; img_size=&#8221;full&#8221;][\/vc_column][vc_column width=&#8221;1\/2&#8243;][gt3_spacing height=&#8221;80px&#8221; responsive_es=&#8221;true&#8221; height_mobile=&#8221;0px&#8221;][gt3_custom_text text_color=&#8221;#27323d&#8221; font_size=&#8221;30&#8243; line_height=&#8221;160&#8243;]<strong>Sanfte und gleichm\u00e4\u00dfige Wellen<\/strong>[\/gt3_custom_text][gt3_spacing height=&#8221;18px&#8221;][gt3_custom_text text_color=&#8221;#28323e&#8221; font_size=&#8221;16&#8243; line_height=&#8221;190&#8243;]Die Weligama Bay ist bekannt f\u00fcr ihre langen, sanften Wellen, die sich besonders gut f\u00fcr Anf\u00e4nger eignen. Diese gleichm\u00e4\u00dfigen Wellen bieten eine stabile Grundlage, um das Paddeln, Wellenfangen und Wellenreiten zu erlernen.[\/gt3_custom_text][gt3_spacing height=&#8221;120px&#8221; responsive_es=&#8221;true&#8221; height_mobile=&#8221;60&#8243;][\/vc_column][\/vc_row][vc_row][vc_column][gt3_spacing height=&#8221;57px&#8221; responsive_es=&#8221;true&#8221; height_mobile=&#8221;32&#8243;][\/vc_column][\/vc_row][vc_row full_width=&#8221;stretch_row&#8221; column_separator_row=&#8221;&#8221; masked_row=&#8221;&#8221; css=&#8221;.vc_custom_1712470744849{margin-top: -80px !important;background-position: center !important;background-repeat: no-repeat !important;background-size: cover !important;}&#8221;][vc_column width=&#8221;1\/2&#8243;][gt3_spacing height=&#8221;80px&#8221; responsive_es=&#8221;true&#8221; height_mobile=&#8221;0px&#8221;][gt3_custom_text text_color=&#8221;#27323d&#8221; font_size=&#8221;30&#8243; line_height=&#8221;160&#8243;]<strong>Seichte Gew\u00e4sser<\/strong>[\/gt3_custom_text][gt3_spacing height=&#8221;18px&#8221;][gt3_custom_text text_color=&#8221;#28323e&#8221; font_size=&#8221;16&#8243; line_height=&#8221;190&#8243;]Die Gew\u00e4sser in Weligama sind in Ufern\u00e4he relativ flach und bieten Anf\u00e4ngern eine sicherere Umgebung zum \u00dcben und zum Aufbau von Vertrauen, ohne die Herausforderungen des tiefen Wassers.[\/gt3_custom_text][gt3_spacing height=&#8221;120px&#8221; responsive_es=&#8221;true&#8221; height_mobile=&#8221;60&#8243;][\/vc_column][vc_column width=&#8221;1\/2&#8243;][vc_single_image image=&#8221;4530&#8243; img_size=&#8221;full&#8221;][\/vc_column][\/vc_row][vc_row][vc_column][gt3_spacing height=&#8221;77px&#8221; responsive_es=&#8221;true&#8221; height_mobile=&#8221;32&#8243;][\/vc_column][\/vc_row][vc_row full_width=&#8221;stretch_row&#8221; column_separator_row=&#8221;&#8221; masked_row=&#8221;&#8221; css=&#8221;.vc_custom_1712470744849{margin-top: -80px !important;background-position: center !important;background-repeat: no-repeat !important;background-size: cover !important;}&#8221;][vc_column width=&#8221;1\/2&#8243;][vc_single_image image=&#8221;4649&#8243; img_size=&#8221;full&#8221;][\/vc_column][vc_column width=&#8221;1\/2&#8243;][gt3_spacing height=&#8221;80px&#8221; responsive_es=&#8221;true&#8221; height_mobile=&#8221;0px&#8221;][gt3_custom_text text_color=&#8221;#27323d&#8221; font_size=&#8221;30&#8243; line_height=&#8221;160&#8243;]<strong>Gro\u00dfe Surf-Community<\/strong>[\/gt3_custom_text][gt3_spacing height=&#8221;18px&#8221;][gt3_custom_text text_color=&#8221;#28323e&#8221; font_size=&#8221;16&#8243; line_height=&#8221;190&#8243;]Weligama hat eine lebendige Surf-Community mit zahlreichen Surfschulen und erfahrenen Lehrern. Dies schafft eine unterst\u00fctzende Lernumgebung, in der Anf\u00e4nger die richtige Anleitung und Unterst\u00fctzung erhalten.[\/gt3_custom_text][gt3_spacing height=&#8221;120px&#8221; responsive_es=&#8221;true&#8221; height_mobile=&#8221;60&#8243;][\/vc_column][\/vc_row][vc_row][vc_column][gt3_spacing height=&#8221;77px&#8221; responsive_es=&#8221;true&#8221; height_mobile=&#8221;32&#8243;][\/vc_column][\/vc_row][vc_row full_width=&#8221;stretch_row&#8221; column_separator_row=&#8221;&#8221; masked_row=&#8221;&#8221; css=&#8221;.vc_custom_1712470744849{margin-top: -80px !important;background-position: center !important;background-repeat: no-repeat !important;background-size: cover !important;}&#8221;][vc_column width=&#8221;1\/2&#8243;][gt3_spacing height=&#8221;80px&#8221; responsive_es=&#8221;true&#8221; height_mobile=&#8221;0px&#8221;][gt3_custom_text text_color=&#8221;#27323d&#8221; font_size=&#8221;30&#8243; line_height=&#8221;160&#8243;]<strong>Allm\u00e4hlicher Fortschritt<\/strong>[\/gt3_custom_text][gt3_spacing height=&#8221;18px&#8221;][gt3_custom_text text_color=&#8221;#28323e&#8221; font_size=&#8221;16&#8243; line_height=&#8221;190&#8243;]Wir glauben an ein gr\u00fcndliches Training an Land, bevor man ins Wasser geht. Die allm\u00e4hliche Zunahme der Wellengr\u00f6\u00dfe, je weiter man sich vom Ufer entfernt, erm\u00f6glicht es Anf\u00e4ngern, in ihrem eigenen Tempo Fortschritte zu machen. Anf\u00e4nger k\u00f6nnen mit kleineren Wellen in Strandn\u00e4he beginnen und sich mit zunehmenden F\u00e4higkeiten allm\u00e4hlich zu gr\u00f6\u00dferen Wellen vorarbeiten.[\/gt3_custom_text][gt3_spacing height=&#8221;120px&#8221; responsive_es=&#8221;true&#8221; height_mobile=&#8221;60&#8243;][\/vc_column][vc_column width=&#8221;1\/2&#8243;][vc_single_image image=&#8221;4638&#8243; img_size=&#8221;full&#8221;][\/vc_column][\/vc_row][vc_row][vc_column][gt3_spacing height=&#8221;77px&#8221; responsive_es=&#8221;true&#8221; height_mobile=&#8221;32&#8243;][\/vc_column][\/vc_row][vc_row full_width=&#8221;stretch_row&#8221; column_separator_row=&#8221;&#8221; masked_row=&#8221;&#8221; css=&#8221;.vc_custom_1712470744849{margin-top: -80px !important;background-position: center !important;background-repeat: no-repeat !important;background-size: cover !important;}&#8221;][vc_column width=&#8221;1\/2&#8243;][vc_single_image image=&#8221;4533&#8243; img_size=&#8221;full&#8221;][\/vc_column][vc_column width=&#8221;1\/2&#8243;][gt3_spacing height=&#8221;80px&#8221; responsive_es=&#8221;true&#8221; height_mobile=&#8221;0px&#8221;][gt3_custom_text text_color=&#8221;#27323d&#8221; font_size=&#8221;30&#8243; line_height=&#8221;160&#8243;]<strong>Warmes Wasser und Klima<\/strong>[\/gt3_custom_text][gt3_spacing height=&#8221;18px&#8221;][gt3_custom_text text_color=&#8221;#28323e&#8221; font_size=&#8221;16&#8243; line_height=&#8221;190&#8243;]Das tropische Klima in Weligama sorgt das ganze Jahr \u00fcber f\u00fcr warme Wassertemperaturen. Dies macht das Surfenlernen zu einem angenehmen Erlebnis, insbesondere f\u00fcr diejenigen, die neu im Wassersport sind.[\/gt3_custom_text][gt3_spacing height=&#8221;120px&#8221; responsive_es=&#8221;true&#8221; height_mobile=&#8221;60&#8243;][\/vc_column][\/vc_row][vc_row][vc_column][gt3_spacing height=&#8221;77px&#8221; responsive_es=&#8221;true&#8221; height_mobile=&#8221;32&#8243;][\/vc_column][\/vc_row][vc_row full_width=&#8221;stretch_row&#8221; column_separator_row=&#8221;&#8221; masked_row=&#8221;&#8221; css=&#8221;.vc_custom_1712470744849{margin-top: -80px !important;background-position: center !important;background-repeat: no-repeat !important;background-size: cover !important;}&#8221;][vc_column width=&#8221;1\/2&#8243;][gt3_spacing height=&#8221;80px&#8221; responsive_es=&#8221;true&#8221; height_mobile=&#8221;0px&#8221;][gt3_custom_text text_color=&#8221;#27323d&#8221; font_size=&#8221;30&#8243; line_height=&#8221;160&#8243;]<strong>Surf-Infrastruktur<\/strong>[\/gt3_custom_text][gt3_spacing height=&#8221;18px&#8221;][gt3_custom_text text_color=&#8221;#28323e&#8221; font_size=&#8221;16&#8243; line_height=&#8221;190&#8243;]Weligama verf\u00fcgt \u00fcber eine gut ausgebaute Surf-Infrastruktur mit Verleihgesch\u00e4ften, Surfcamps und Einrichtungen am Strand. So haben Anf\u00e4nger problemlos Zugang zur notwendigen Ausr\u00fcstung und Ausstattung.[\/gt3_custom_text][gt3_spacing height=&#8221;120px&#8221; responsive_es=&#8221;true&#8221; height_mobile=&#8221;60&#8243;][\/vc_column][vc_column width=&#8221;1\/2&#8243;][vc_single_image image=&#8221;4647&#8243; img_size=&#8221;full&#8221;][\/vc_column][\/vc_row][vc_row][vc_column][gt3_spacing height=&#8221;77px&#8221; responsive_es=&#8221;true&#8221; height_mobile=&#8221;32&#8243;][\/vc_column][\/vc_row][vc_row full_width=&#8221;stretch_row&#8221; column_separator_row=&#8221;&#8221; masked_row=&#8221;&#8221; css=&#8221;.vc_custom_1712470744849{margin-top: -80px !important;background-position: center !important;background-repeat: no-repeat !important;background-size: cover !important;}&#8221;][vc_column width=&#8221;1\/2&#8243;][vc_single_image image=&#8221;4537&#8243; img_size=&#8221;full&#8221;][\/vc_column][vc_column width=&#8221;1\/2&#8243;][gt3_spacing height=&#8221;80px&#8221; responsive_es=&#8221;true&#8221; height_mobile=&#8221;0px&#8221;][gt3_custom_text text_color=&#8221;#27323d&#8221; font_size=&#8221;30&#8243; line_height=&#8221;160&#8243;]<strong>Malerische Umgebung<\/strong>[\/gt3_custom_text][gt3_spacing height=&#8221;18px&#8221;][gt3_custom_text text_color=&#8221;#28323e&#8221; font_size=&#8221;16&#8243; line_height=&#8221;190&#8243;]Die wundersch\u00f6ne K\u00fcstenlandschaft und die entspannte Atmosph\u00e4re von Weligama tragen zu einem angenehmen Gesamterlebnis bei. Anf\u00e4nger k\u00f6nnen die nat\u00fcrliche Sch\u00f6nheit der Gegend genie\u00dfen, w\u00e4hrend sie das Surfen lernen.[\/gt3_custom_text][gt3_spacing height=&#8221;120px&#8221; responsive_es=&#8221;true&#8221; height_mobile=&#8221;60&#8243;][\/vc_column][\/vc_row][vc_row][vc_column][gt3_spacing height=&#8221;77px&#8221; responsive_es=&#8221;true&#8221; height_mobile=&#8221;32&#8243;][\/vc_column][\/vc_row][vc_row full_width=&#8221;stretch_row&#8221; column_separator_row=&#8221;&#8221; masked_row=&#8221;&#8221; css=&#8221;.vc_custom_1712470744849{margin-top: -80px !important;background-position: center !important;background-repeat: no-repeat !important;background-size: cover !important;}&#8221;][vc_column width=&#8221;1\/2&#8243;][gt3_spacing height=&#8221;80px&#8221; responsive_es=&#8221;true&#8221; height_mobile=&#8221;0px&#8221;][gt3_custom_text text_color=&#8221;#27323d&#8221; font_size=&#8221;30&#8243; line_height=&#8221;160&#8243;]<strong>Stabile Surfbedingungen<\/strong>[\/gt3_custom_text][gt3_spacing height=&#8221;18px&#8221;][gt3_custom_text text_color=&#8221;#28323e&#8221; font_size=&#8221;16&#8243; line_height=&#8221;190&#8243;]Im Gegensatz zu manchen Surfspots, an denen herausfordernde Bedingungen und gro\u00dfe Wellen herrschen k\u00f6nnen, bietet Weligama normalerweise stabilere und benutzerfreundlichere Bedingungen, die f\u00fcr Anf\u00e4nger wichtig sind, um ihre F\u00e4higkeiten und ihr Selbstvertrauen aufzubauen.[\/gt3_custom_text][gt3_spacing height=&#8221;120px&#8221; responsive_es=&#8221;true&#8221; height_mobile=&#8221;60&#8243;][\/vc_column][vc_column width=&#8221;1\/2&#8243;][vc_single_image image=&#8221;4539&#8243; img_size=&#8221;full&#8221;][\/vc_column][\/vc_row][vc_row][vc_column][gt3_spacing height=&#8221;77px&#8221; responsive_es=&#8221;true&#8221; height_mobile=&#8221;32&#8243;][\/vc_column][\/vc_row][vc_row full_width=&#8221;stretch_row&#8221; column_separator_row=&#8221;&#8221; masked_row=&#8221;&#8221; css=&#8221;.vc_custom_1712470744849{margin-top: -80px !important;background-position: center !important;background-repeat: no-repeat !important;background-size: cover !important;}&#8221;][vc_column width=&#8221;1\/2&#8243;][vc_single_image image=&#8221;4536&#8243; img_size=&#8221;full&#8221;][\/vc_column][vc_column width=&#8221;1\/2&#8243;][gt3_spacing height=&#8221;80px&#8221; responsive_es=&#8221;true&#8221; height_mobile=&#8221;0px&#8221;][gt3_custom_text text_color=&#8221;#27323d&#8221; font_size=&#8221;30&#8243; line_height=&#8221;160&#8243;]<strong>Kulturelle Erfahrung<\/strong>[\/gt3_custom_text][gt3_spacing height=&#8221;18px&#8221;][gt3_custom_text text_color=&#8221;#28323e&#8221; font_size=&#8221;16&#8243; line_height=&#8221;190&#8243;]Weligama bietet die M\u00f6glichkeit, die lokale Kultur Sri Lankas kennenzulernen. Neben dem Surfen k\u00f6nnen Besucher auch nahegelegene Sehensw\u00fcrdigkeiten erkunden, lokale K\u00fcche probieren und mit freundlichen Einheimischen in Kontakt treten.[\/gt3_custom_text][gt3_spacing height=&#8221;120px&#8221; responsive_es=&#8221;true&#8221; height_mobile=&#8221;60&#8243;][\/vc_column][\/vc_row][vc_row][vc_column][gt3_spacing height=&#8221;77px&#8221; responsive_es=&#8221;true&#8221; height_mobile=&#8221;32&#8243;][\/vc_column][\/vc_row][vc_row full_width=&#8221;stretch_row&#8221; column_separator_row=&#8221;&#8221; masked_row=&#8221;&#8221; css=&#8221;.vc_custom_1712470744849{margin-top: -80px !important;background-position: center !important;background-repeat: no-repeat !important;background-size: cover !important;}&#8221;][vc_column width=&#8221;1\/2&#8243;][gt3_spacing height=&#8221;80px&#8221; responsive_es=&#8221;true&#8221; height_mobile=&#8221;0px&#8221;][gt3_custom_text text_color=&#8221;#28323e&#8221; font_size=&#8221;16&#8243; line_height=&#8221;190&#8243;]Insgesamt ist Weligama mit seiner Kombination aus anf\u00e4ngerfreundlichen Wellen, flachem Wasser, erfahrenen Lehrern, Surf-Infrastruktur und einer einladenden Community eine ausgezeichnete Wahl f\u00fcr alle, die ihre Surfkarriere in einer unterst\u00fctzenden und angenehmen Umgebung beginnen m\u00f6chten.[\/gt3_custom_text][gt3_spacing height=&#8221;120px&#8221; responsive_es=&#8221;true&#8221; height_mobile=&#8221;60&#8243;][\/vc_column][vc_column width=&#8221;1\/2&#8243;][vc_single_image image=&#8221;4538&#8243; img_size=&#8221;full&#8221;][\/vc_column][\/vc_row][vc_row][vc_column][gt3_spacing height=&#8221;77px&#8221; responsive_es=&#8221;true&#8221; height_mobile=&#8221;32&#8243;][\/vc_column][\/vc_row]\n<\/div>","protected":false},"excerpt":{"rendered":"<p>[vc_row full_width=&#8221;stretch_row&#8221; column_separator_row=&#8221;&#8221; masked_row=&#8221;&#8221; css=&#8221;.vc_custom_1712481036832{margin-top: -80px !important;background-position: center !important;background-repeat: no-repeat !important;background-size: cover !important;}&#8221;][vc_column width=&#8221;1\/2&#8243;][vc_single_image image=&#8221;4646&#8243; img_size=&#8221;full&#8221;][\/vc_column][vc_column width=&#8221;1\/2&#8243;][gt3_spacing height=&#8221;80px&#8221; responsive_es=&#8221;true&#8221; height_mobile=&#8221;0px&#8221;][gt3_custom_text text_color=&#8221;#27323d&#8221; font_size=&#8221;30&#8243; line_height=&#8221;160&#8243;]Sanfte und gleichm\u00e4\u00dfige Wellen[\/gt3_custom_text][gt3_spacing height=&#8221;18px&#8221;][gt3_custom_text text_color=&#8221;#28323e&#8221; font_size=&#8221;16&#8243; line_height=&#8221;190&#8243;]Die Weligama Bay ist bekannt f\u00fcr ihre langen, sanften Wellen, die sich besonders gut f\u00fcr Anf\u00e4nger eignen. Diese gleichm\u00e4\u00dfigen Wellen bieten eine stabile Grundlage, um das [&hellip;]<\/p>\n","protected":false},"author":1,"featured_media":0,"parent":0,"menu_order":0,"comment_status":"closed","ping_status":"closed","template":"full-width.php","meta":{"om_disable_all_campaigns":false,"_monsterinsights_skip_tracking":false,"_monsterinsights_sitenote_active":false,"_monsterinsights_sitenote_note":"","_monsterinsights_sitenote_category":0,"footnotes":""},"class_list":["post-4523","page","type-page","status-publish","hentry"],"aioseo_notices":[],"_links":{"self":[{"href":"https:\/\/blissfulbeachbum.com\/de\/wp-json\/wp\/v2\/pages\/4523","targetHints":{"allow":["GET"]}}],"collection":[{"href":"https:\/\/blissfulbeachbum.com\/de\/wp-json\/wp\/v2\/pages"}],"about":[{"href":"https:\/\/blissfulbeachbum.com\/de\/wp-json\/wp\/v2\/types\/page"}],"author":[{"embeddable":true,"href":"https:\/\/blissfulbeachbum.com\/de\/wp-json\/wp\/v2\/users\/1"}],"replies":[{"embeddable":true,"href":"https:\/\/blissfulbeachbum.com\/de\/wp-json\/wp\/v2\/comments?post=4523"}],"version-history":[{"count":10,"href":"https:\/\/blissfulbeachbum.com\/de\/wp-json\/wp\/v2\/pages\/4523\/revisions"}],"predecessor-version":[{"id":5035,"href":"https:\/\/blissfulbeachbum.com\/de\/wp-json\/wp\/v2\/pages\/4523\/revisions\/5035"}],"wp:attachment":[{"href":"https:\/\/blissfulbeachbum.com\/de\/wp-json\/wp\/v2\/media?parent=4523"}],"curies":[{"name":"wp","href":"https:\/\/api.w.org\/{rel}","templated":true}]}}