{"id":4503,"date":"2024-04-07T11:40:23","date_gmt":"2024-04-07T06:10:23","guid":{"rendered":"https:\/\/blissfulbeachbum.com\/beta\/?page_id=4503"},"modified":"2024-08-21T17:26:15","modified_gmt":"2024-08-21T11:56:15","slug":"why-blissful-beach-bum","status":"publish","type":"page","link":"https:\/\/blissfulbeachbum.com\/de\/why-blissful-beach-bum\/","title":{"rendered":"Warum wir"},"content":{"rendered":"<div class=\"wpb-content-wrapper\">[vc_row full_width=&#8221;stretch_row&#8221; column_separator_row=&#8221;&#8221; masked_row=&#8221;&#8221; css=&#8221;.vc_custom_1712481317687{margin-top: -80px !important;background-position: center !important;background-repeat: no-repeat !important;background-size: cover !important;}&#8221;][vc_column width=&#8221;1\/2&#8243;][vc_single_image image=&#8221;4638&#8243; img_size=&#8221;full&#8221;][\/vc_column][vc_column width=&#8221;1\/2&#8243;][gt3_spacing height=&#8221;80px&#8221; responsive_es=&#8221;true&#8221; height_mobile=&#8221;0px&#8221;][gt3_custom_text text_color=&#8221;#27323d&#8221; font_size=&#8221;30&#8243; line_height=&#8221;160&#8243;]<strong>Kostenlose Foto- und Videoanalyse und \u201eClient First\u201c<\/strong>[\/gt3_custom_text][gt3_spacing height=&#8221;18px&#8221;][gt3_custom_text text_color=&#8221;#28323e&#8221; font_size=&#8221;16&#8243; line_height=&#8221;190&#8243;]JA \u2013 Sie haben richtig gelesen. Wir nutzen Foto- und Videoanalysen, um Ihren Fortschritt Sitzung f\u00fcr Sitzung zu \u00fcberwachen und zu \u00fcberpr\u00fcfen. Dies hilft uns (und Ihnen), Ihre St\u00e4rken und Schw\u00e4chen zu identifizieren, an denen wir arbeiten k\u00f6nnen, um Ihre F\u00e4higkeiten zu verbessern. Die Videos k\u00f6nnen nach Abschluss Ihres Kurses auch auf einem USB-Stick mit Ihnen geteilt werden.[\/gt3_custom_text][gt3_spacing height=&#8221;120px&#8221; responsive_es=&#8221;true&#8221; height_mobile=&#8221;60&#8243;][\/vc_column][\/vc_row][vc_row][vc_column][gt3_spacing height=&#8221;57px&#8221; responsive_es=&#8221;true&#8221; height_mobile=&#8221;32&#8243;][\/vc_column][\/vc_row][vc_row full_width=&#8221;stretch_row&#8221; column_separator_row=&#8221;&#8221; masked_row=&#8221;&#8221; css=&#8221;.vc_custom_1712470744849{margin-top: -80px !important;background-position: center !important;background-repeat: no-repeat !important;background-size: cover !important;}&#8221;][vc_column width=&#8221;1\/2&#8243;][gt3_spacing height=&#8221;80px&#8221; responsive_es=&#8221;true&#8221; height_mobile=&#8221;0px&#8221;][gt3_custom_text text_color=&#8221;#27323d&#8221; font_size=&#8221;30&#8243; line_height=&#8221;160&#8243;]<strong>Individuelle Tourgestaltung<\/strong>[\/gt3_custom_text][gt3_spacing height=&#8221;18px&#8221;][gt3_custom_text text_color=&#8221;#28323e&#8221; font_size=&#8221;16&#8243; line_height=&#8221;190&#8243;]Wir verstehen, dass Sie m\u00f6glicherweise von Ihrer Familie begleitet werden, die Weligama und die Umgebung erkunden m\u00f6chte \u2013 denn es gibt dort viele landschaftliche Sch\u00f6nheiten zu entdecken. Wir bieten eine gro\u00dfe Auswahl an Tagesausfl\u00fcgen sowie 2- bis 3-t\u00e4gigen Reiserouten, die wir individuell f\u00fcr Sie gestalten k\u00f6nnen.[\/gt3_custom_text][gt3_spacing height=&#8221;120px&#8221; responsive_es=&#8221;true&#8221; height_mobile=&#8221;60&#8243;][\/vc_column][vc_column width=&#8221;1\/2&#8243;][vc_single_image image=&#8221;4554&#8243; img_size=&#8221;full&#8221;][\/vc_column][\/vc_row][vc_row][vc_column][gt3_spacing height=&#8221;77px&#8221; responsive_es=&#8221;true&#8221; height_mobile=&#8221;32&#8243;][\/vc_column][\/vc_row][vc_row full_width=&#8221;stretch_row&#8221; column_separator_row=&#8221;&#8221; masked_row=&#8221;&#8221; css=&#8221;.vc_custom_1712471416104{margin-top: -80px !important;background-color: #1e73be !important;background-position: center !important;background-repeat: no-repeat !important;background-size: cover !important;}&#8221;][vc_column width=&#8221;1\/3&#8243;][gt3_spacing height=&#8221;80px&#8221; responsive_es=&#8221;true&#8221; height_mobile=&#8221;0px&#8221;][gt3_custom_text text_color=&#8221;#27323d&#8221; font_size=&#8221;30&#8243; line_height=&#8221;160&#8243;]<strong>Sicherheitsstandards<\/strong>[\/gt3_custom_text][gt3_spacing height=&#8221;18px&#8221;][gt3_custom_text text_color=&#8221;#28323e&#8221; font_size=&#8221;16&#8243; line_height=&#8221;190&#8243;]Bei Blissful Beach Bum legen wir gro\u00dfen Wert auf die Sicherheit. Wir sorgen f\u00fcr die Bereitstellung der richtigen Ausr\u00fcstung, lehren die korrekten Surftechniken und halten ein kleines Lehrer-Sch\u00fcler-Verh\u00e4ltnis ein, das uns von anderen Surfschulen abhebt. Dies gew\u00e4hrleistet, dass sich die Sch\u00fcler beim Lernen sicher und selbstbewusst f\u00fchlen.[\/gt3_custom_text][gt3_spacing height=&#8221;120px&#8221; responsive_es=&#8221;true&#8221; height_mobile=&#8221;60&#8243;][\/vc_column][vc_column width=&#8221;1\/3&#8243;][gt3_spacing height=&#8221;80px&#8221; responsive_es=&#8221;true&#8221; height_mobile=&#8221;0px&#8221;][gt3_custom_text text_color=&#8221;#27323d&#8221; font_size=&#8221;30&#8243; line_height=&#8221;160&#8243;]<strong>Individueller Unterricht<\/strong>[\/gt3_custom_text][gt3_spacing height=&#8221;18px&#8221;][gt3_custom_text text_color=&#8221;#28323e&#8221; font_size=&#8221;16&#8243; line_height=&#8221;190&#8243;]Wir bieten personalisierten Unterricht, der auf die F\u00e4higkeiten und Lernstile der einzelnen Sch\u00fcler abgestimmt ist, um das Lernerlebnis zu optimieren. Bei Blissful Beach Bum steht die individuelle Aufmerksamkeit im Mittelpunkt.[\/gt3_custom_text][gt3_spacing height=&#8221;120px&#8221; responsive_es=&#8221;true&#8221; height_mobile=&#8221;60&#8243;][\/vc_column][vc_column width=&#8221;1\/3&#8243;][gt3_spacing height=&#8221;80px&#8221; responsive_es=&#8221;true&#8221; height_mobile=&#8221;0px&#8221;][gt3_custom_text text_color=&#8221;#27323d&#8221; font_size=&#8221;30&#8243; line_height=&#8221;160&#8243;]<strong>Innovative Lehrmethoden<\/strong>[\/gt3_custom_text][gt3_spacing height=&#8221;18px&#8221;][gt3_custom_text text_color=&#8221;#28323e&#8221; font_size=&#8221;16&#8243; line_height=&#8221;190&#8243;]Durch den Einsatz innovativer Lehrmethoden \u2013 wie Videoanalysen, die wir standardm\u00e4\u00dfig anbieten, sowie spezielle Workshops \u2013 gestalten wir das Lernerlebnis spannender und effektiver.[\/gt3_custom_text][gt3_spacing height=&#8221;120px&#8221; responsive_es=&#8221;true&#8221; height_mobile=&#8221;60&#8243;][\/vc_column][\/vc_row][vc_row full_width=&#8221;stretch_row&#8221; column_separator_row=&#8221;&#8221; masked_row=&#8221;&#8221;][vc_column][gt3_spacing height=&#8221;57px&#8221;][gt3_team use_filter=&#8221;&#8221; module_on_dark_bg=&#8221;&#8221; posts_per_line=&#8221;2&#8243; title=&#8221;Erfahrene Kursleiter&#8221; subtitle=&#8221;Die Qualit\u00e4t und Erfahrung der Lehrer k\u00f6nnen den Ruf einer Surfschule stark beeinflussen. Wenn die Schule \u00fcber ein Team hochqualifizierter und erfahrener Lehrer verf\u00fcgt, die sich um Surfer aller Niveaus k\u00fcmmern k\u00f6nnen, kann sie sich von der Masse abheben. Selbstverst\u00e4ndlich sind unsere Lehrer in Erster Hilfe ausgebildet, um vor Ort helfen zu k\u00f6nnen.&#8221; build_query=&#8221;size:2|order_by:date&#8221;][gt3_spacing height=&#8221;91px&#8221; responsive_es=&#8221;true&#8221; height_mobile=&#8221;51&#8243;][\/vc_column][\/vc_row]\n<\/div>","protected":false},"excerpt":{"rendered":"<p>[vc_row full_width=&#8221;stretch_row&#8221; column_separator_row=&#8221;&#8221; masked_row=&#8221;&#8221; css=&#8221;.vc_custom_1712481317687{margin-top: -80px !important;background-position: center !important;background-repeat: no-repeat !important;background-size: cover !important;}&#8221;][vc_column width=&#8221;1\/2&#8243;][vc_single_image image=&#8221;4638&#8243; img_size=&#8221;full&#8221;][\/vc_column][vc_column width=&#8221;1\/2&#8243;][gt3_spacing height=&#8221;80px&#8221; responsive_es=&#8221;true&#8221; height_mobile=&#8221;0px&#8221;][gt3_custom_text text_color=&#8221;#27323d&#8221; font_size=&#8221;30&#8243; line_height=&#8221;160&#8243;]Kostenlose Foto- und Videoanalyse und \u201eClient First\u201c[\/gt3_custom_text][gt3_spacing height=&#8221;18px&#8221;][gt3_custom_text text_color=&#8221;#28323e&#8221; font_size=&#8221;16&#8243; line_height=&#8221;190&#8243;]JA \u2013 Sie haben richtig gelesen. Wir nutzen Foto- und Videoanalysen, um Ihren Fortschritt Sitzung f\u00fcr Sitzung zu \u00fcberwachen und zu \u00fcberpr\u00fcfen. Dies [&hellip;]<\/p>\n","protected":false},"author":1,"featured_media":0,"parent":0,"menu_order":0,"comment_status":"closed","ping_status":"closed","template":"full-width.php","meta":{"om_disable_all_campaigns":false,"_monsterinsights_skip_tracking":false,"_monsterinsights_sitenote_active":false,"_monsterinsights_sitenote_note":"","_monsterinsights_sitenote_category":0,"footnotes":""},"class_list":["post-4503","page","type-page","status-publish","hentry"],"aioseo_notices":[],"_links":{"self":[{"href":"https:\/\/blissfulbeachbum.com\/de\/wp-json\/wp\/v2\/pages\/4503","targetHints":{"allow":["GET"]}}],"collection":[{"href":"https:\/\/blissfulbeachbum.com\/de\/wp-json\/wp\/v2\/pages"}],"about":[{"href":"https:\/\/blissfulbeachbum.com\/de\/wp-json\/wp\/v2\/types\/page"}],"author":[{"embeddable":true,"href":"https:\/\/blissfulbeachbum.com\/de\/wp-json\/wp\/v2\/users\/1"}],"replies":[{"embeddable":true,"href":"https:\/\/blissfulbeachbum.com\/de\/wp-json\/wp\/v2\/comments?post=4503"}],"version-history":[{"count":18,"href":"https:\/\/blissfulbeachbum.com\/de\/wp-json\/wp\/v2\/pages\/4503\/revisions"}],"predecessor-version":[{"id":5051,"href":"https:\/\/blissfulbeachbum.com\/de\/wp-json\/wp\/v2\/pages\/4503\/revisions\/5051"}],"wp:attachment":[{"href":"https:\/\/blissfulbeachbum.com\/de\/wp-json\/wp\/v2\/media?parent=4503"}],"curies":[{"name":"wp","href":"https:\/\/api.w.org\/{rel}","templated":true}]}}