{"id":14,"date":"2017-01-11T13:25:51","date_gmt":"2017-01-11T13:25:51","guid":{"rendered":"http:\/\/gt3demo.com\/wp\/wizelaw\/?page_id=14"},"modified":"2024-11-04T15:49:03","modified_gmt":"2024-11-04T10:19:03","slug":"home-2-2","status":"publish","type":"page","link":"https:\/\/blissfulbeachbum.com\/de\/","title":{"rendered":"Main"},"content":{"rendered":"<div class=\"wpb-content-wrapper\">[vc_row full_width=&#8221;stretch_row_content_no_spaces&#8221; column_separator_row=&#8221;&#8221; masked_row=&#8221;true&#8221; mask_image=&#8221;3693&#8243; css=&#8221;.vc_custom_1559728455567{margin-top: -80px !important;margin-bottom: -5px !important;}&#8221; el_id=&#8221;welcome_to_the_surfy&#8221;][vc_column][rev_slider_vc alias=&#8221;home_02&#8211;Backup&#8221;][\/vc_column][\/vc_row][vc_row full_width=&#8221;stretch_row&#8221; equal_height=&#8221;yes&#8221; column_separator_row=&#8221;&#8221; masked_row=&#8221;&#8221; css=&#8221;.vc_custom_1713596471369{margin-top: -10px !important;background: #fbfbf3 url(https:\/\/blissfulbeachbum.com\/wp-content\/uploads\/2018\/05\/bg_home_02_01-1.jpg?id=3837) !important;background-position: center !important;background-repeat: no-repeat !important;background-size: cover !important;}&#8221;][vc_column width=&#8221;1\/2&#8243;][\/vc_column][vc_column width=&#8221;1\/2&#8243; css=&#8221;.vc_custom_1526047180310{padding-right: 10% !important;padding-left: 10% !important;}&#8221;][gt3_spacing height=&#8221;63px&#8221; responsive_es=&#8221;true&#8221; height_mobile=&#8221;0px&#8221;][gt3_custom_text text_color=&#8221;#27323d&#8221; font_size=&#8221;70&#8243; line_height=&#8221;110&#8243; use_theme_fonts=&#8221;&#8221; google_fonts_text=&#8221;font_family:Kaushan%20Script%3Aregular|font_style:400%20regular%3A400%3Anormal&#8221; responsive_font=&#8221;true&#8221; font_size_mobile=&#8221;46&#8243; font_size_tablet=&#8221;46&#8243;]\n<p style=\"text-align: center;\"><strong>Surfen in Weligama\u2026<\/strong><\/p>\n<p style=\"text-align: center;\">&#8230;.<\/p>\n[\/gt3_custom_text][gt3_spacing height=&#8221;39px&#8221;][vc_separator color=&#8221;custom&#8221; el_width=&#8221;40px&#8221; accent_color=&#8221;#27323d&#8221;][gt3_spacing height=&#8221;41px&#8221;][gt3_custom_text text_color=&#8221;#28323e&#8221; font_size=&#8221;16&#8243; line_height=&#8221;190&#8243;]\n<p style=\"text-align: center;\">Surfen in Weligama an der S\u00fcdk\u00fcste Sri Lankas ist ideal f\u00fcr Surfbegeisterte. Die konstanten Wellen, das klare Wasser, das warme Klima und die srilankische Gastfreundschaft machen Weligama zu einem gro\u00dfartigen Ziel, um das Surfen zu erlernen.<\/p>\n[\/gt3_custom_text][gt3_spacing height=&#8221;30px&#8221;][gt3_custom_text text_color=&#8221;#909aa3&#8243; font_size=&#8221;16&#8243;]\n<p style=\"text-align: center;\"><a href=\"https:\/\/blissfulbeachbum.com\/de\/surfing-in-weligama\/\" title=\"SURFEN IN WELIGAMA\">Erfahren Sie mehr<\/a><\/p>\n[\/gt3_custom_text][gt3_spacing height=&#8221;95px&#8221; responsive_es=&#8221;true&#8221; height_mobile=&#8221;55&#8243;][\/vc_column][\/vc_row][vc_row full_width=&#8221;stretch_row_content&#8221; gap=&#8221;15&#8243;][vc_column][gt3_spacing height=&#8221;30px&#8221;][vc_row_inner][vc_column_inner width=&#8221;5\/6&#8243; offset=&#8221;vc_col-md-offset-0 vc_col-md-4 vc_col-sm-offset-1&#8243;][gt3_services box_image=&#8221;3841&#8243; thumbnail=&#8221;3260&#8243; module_height=&#8221;420&#8243; custom_title_size=&#8221;45&#8243; use_theme_fonts_box_title=&#8221;&#8221; google_fonts_box_title=&#8221;font_family:Kaushan%20Script%3Aregular|font_style:400%20regular%3A400%3Anormal&#8221; title_color=&#8221;#ffffff&#8221; index_number_color=&#8221;rgba(255,255,255,0.2)&#8221; custom_content_size=&#8221;18&#8243; content_text_color=&#8221;#c9d4dc&#8221; box_hover_bg=&#8221;#28323e&#8221; title=&#8221;Surfunterricht f\u00fcr Anf\u00e4nger&#8221; content_text=&#8221;F\u00fcr Surfanf\u00e4nger:<br \/>\nDauer 90 Minuten<\/p>\n<p>1 Surfstunde 17 $<br \/>\n4 Surfstunden 60 $<br \/>\n7 Surfstunden 100 $<\/p>\n<p>W\u00e4hlen Sie zwischen einer oder zwei Surfstunden pro Tag. Wir stellen Ihnen ein Surfbrett und einen Rashguard mit qualifiziertem Lehrer zur Verf\u00fcgung.&#8221; link=&#8221;url:https%3A%2F%2Fblissfulbeachbum.com%2Fde%2Fsurfing%2F|title:Surf&#8221;][gt3_spacing height=&#8221;30px&#8221;][gt3_services box_image=&#8221;3221&#8243; thumbnail=&#8221;3260&#8243; module_height=&#8221;420&#8243; custom_title_size=&#8221;35&#8243; use_theme_fonts_box_title=&#8221;&#8221; google_fonts_box_title=&#8221;font_family:Kaushan%20Script%3Aregular|font_style:400%20regular%3A400%3Anormal&#8221; title_color=&#8221;#ffffff&#8221; index_number_color=&#8221;rgba(255,255,255,0.2)&#8221; custom_content_size=&#8221;18&#8243; content_text_color=&#8221;#c9d4dc&#8221; box_hover_bg=&#8221;#28323e&#8221; title=&#8221;Surfen lernen, 5-Tage-Paket: Beinhaltet Aufenthalt, 9 Unterrichtsstunden und 1 Tour&#8221; content_text=&#8221;Unser Paket umfasst:<br \/>\n9 Klassen<br \/>\n3 Unterkunftsm\u00f6glichkeiten*<br \/>\nFr\u00fchst\u00fcck<br \/>\n1 halbt\u00e4gige Tour<br \/>\nFlughafentransfers optional f\u00fcr 80 USD pro Strecke<\/p>\n<p>Die Preise gelten f\u00fcr 2 Personen&#8221; link=&#8221;url:https%3A%2F%2Fblissfulbeachbum.com%2Fde%2Faccommodation%2F|title:Surfing&#8221;][gt3_spacing height=&#8221;30px&#8221;][\/vc_column_inner][vc_column_inner width=&#8221;5\/6&#8243; offset=&#8221;vc_col-md-offset-0 vc_col-md-4 vc_col-sm-offset-1&#8243;][gt3_services box_image=&#8221;3847&#8243; thumbnail=&#8221;3260&#8243; module_height=&#8221;420&#8243; rotate_direction=&#8221;top&#8221; custom_title_size=&#8221;45&#8243; use_theme_fonts_box_title=&#8221;&#8221; google_fonts_box_title=&#8221;font_family:Kaushan%20Script%3Aregular|font_style:400%20regular%3A400%3Anormal&#8221; title_color=&#8221;#ffffff&#8221; index_number_color=&#8221;rgba(255,255,255,0.2)&#8221; custom_content_size=&#8221;18&#8243; content_text_color=&#8221;#c9d4dc&#8221; box_hover_bg=&#8221;#28323e&#8221; title=&#8221;Fortgeschrittenes Surfen&#8221; content_text=&#8221;F\u00fcr fortgeschrittene Surfer:<br \/>\nDauer: 120 Minuten<br \/>\n1 Surfstunde 35 $<br \/>\n4 Surfstunden 130 $<br \/>\n7 Surfstunden 220 $<\/p>\n<p>W\u00e4hlen Sie zwischen einer oder zwei Surfstunden pro Tag.<br \/>\nWir stellen Ihnen ein Surfbrett und einen Rashguard mit qualifiziertem Lehrer zur Verf\u00fcgung.&#8221; link=&#8221;url:https%3A%2F%2Fblissfulbeachbum.com%2Fde%2Fsurfing%2F|title:Surf&#8221;][gt3_spacing height=&#8221;30px&#8221;][gt3_services box_image=&#8221;3908&#8243; thumbnail=&#8221;3260&#8243; module_height=&#8221;420&#8243; rotate_direction=&#8221;bottom&#8221; custom_title_size=&#8221;35&#8243; use_theme_fonts_box_title=&#8221;&#8221; google_fonts_box_title=&#8221;font_family:Kaushan%20Script%3Aregular|font_style:400%20regular%3A400%3Anormal&#8221; title_color=&#8221;#ffffff&#8221; index_number_color=&#8221;rgba(255,255,255,0.2)&#8221; custom_content_size=&#8221;18&#8243; content_text_color=&#8221;#c9d4dc&#8221; box_hover_bg=&#8221;#28323e&#8221; title=&#8221;Surfen lernen: 7-Tage-Paket: Beinhaltet: Aufenthalt, 12 Unterrichtsstunden und 2 Touren&#8221; content_text=&#8221;Unser Paket umfasst:<br \/>\n12 Klassen<br \/>\n3 Unterkunftsm\u00f6glichkeiten*<br \/>\nFr\u00fchst\u00fcck<br \/>\n2 Halbtagestouren<br \/>\nFlughafentransfers optional f\u00fcr 80 USD pro Strecke<br \/>\n* Die Preise gelten f\u00fcr 2 Personen&#8221; link=&#8221;url:https%3A%2F%2Fblissfulbeachbum.com%2Fde%2Faccommodation%2F|title:Accommodation&#8221;][gt3_spacing height=&#8221;30px&#8221;][\/vc_column_inner][vc_column_inner width=&#8221;5\/6&#8243; offset=&#8221;vc_col-md-offset-0 vc_col-md-4 vc_col-sm-offset-1&#8243;][gt3_services box_image=&#8221;3905&#8243; thumbnail=&#8221;3260&#8243; module_height=&#8221;420&#8243; rotate_direction=&#8221;right&#8221; custom_title_size=&#8221;45&#8243; use_theme_fonts_box_title=&#8221;&#8221; google_fonts_box_title=&#8221;font_family:Kaushan%20Script%3Aregular|font_style:400%20regular%3A400%3Anormal&#8221; title_color=&#8221;#ffffff&#8221; index_number_color=&#8221;rgba(255,255,255,0.2)&#8221; custom_content_size=&#8221;18&#8243; content_text_color=&#8221;#c9d4dc&#8221; box_hover_bg=&#8221;#28323e&#8221; title=&#8221;Surf Guiding (Fortgeschritten)&#8221; content_text=&#8221;Dauer: 120 Minuten<br \/>\n1 Surfstunde 60 $<br \/>\n4 Surfstunden 220 $<br \/>\nHalbt\u00e4giges Surfen 175 $<\/p>\n<p>W\u00e4hlen Sie zwischen einer oder zwei Surfstunden pro Tag.<br \/>\nWir stellen Ihnen ein Surfbrett und einen Rashguard mit qualifiziertem Lehrer zur Verf\u00fcgung.&#8221; link=&#8221;url:https%3A%2F%2Fblissfulbeachbum.com%2Fde%2Fsurfing%2F|title:Surf&#8221;][gt3_spacing height=&#8221;30px&#8221;][gt3_services box_image=&#8221;3219&#8243; thumbnail=&#8221;3260&#8243; module_height=&#8221;420&#8243; rotate_direction=&#8221;right&#8221; custom_title_size=&#8221;35&#8243; use_theme_fonts_box_title=&#8221;&#8221; google_fonts_box_title=&#8221;font_family:Kaushan%20Script%3Aregular|font_style:400%20regular%3A400%3Anormal&#8221; title_color=&#8221;#ffffff&#8221; index_number_color=&#8221;rgba(255,255,255,0.2)&#8221; custom_content_size=&#8221;18&#8243; content_text_color=&#8221;#c9d4dc&#8221; box_hover_bg=&#8221;#28323e&#8221; title=&#8221;Ma\u00dfgeschneiderte Pakete: Sie entscheiden \u00fcber Aufenthalt, Kurse, Touren &#8230; Lassen Sie es uns einfach wissen und wir machen es m\u00f6glich&#8221; content_text=&#8221;Du bist der CHEF<br \/>\nTeilen Sie uns Ihre W\u00fcnsche mit und wir stellen ein individuelles Paket f\u00fcr Sie zusammen&#8221; link=&#8221;url:https%3A%2F%2Fblissfulbeachbum.com%2Fde%2Fcontact-us%2F|title:Kontakt&#8221;][gt3_spacing height=&#8221;30px&#8221;][\/vc_column_inner][\/vc_row_inner][gt3_button button_title=&#8221;Buchungsanfrageformular&#8221; button_size=&#8221;large&#8221; button_alignment=&#8221;center&#8221; btn_border_radius=&#8221;3px&#8221; use_theme_button=&#8221;&#8221; btn_bg_color=&#8221;#eb5e6e&#8221; btn_text_color=&#8221;#ffffff&#8221; btn_bg_color_hover=&#8221;#ffffff&#8221; btn_text_color_hover=&#8221;#eb5e6e&#8221; btn_icon_color=&#8221;#ffffff&#8221; btn_icon_color_hover=&#8221;#ffffff&#8221; btn_border_color=&#8221;#eb5e6e&#8221; btn_border_color_hover=&#8221;#eb5e6e&#8221; link=&#8221;url:https%3A%2F%2Fblissfulbeachbum.com%2Fde%2Fwhy-blissful-beach-bum%2F|title:Warum%20Wir&#8221;][gt3_spacing height=&#8221;73px&#8221; responsive_es=&#8221;true&#8221; height_mobile=&#8221;43&#8243;][\/vc_column][\/vc_row][vc_row full_width=&#8221;stretch_row&#8221; column_separator_row=&#8221;&#8221; masked_row=&#8221;true&#8221; mask_image=&#8221;3693&#8243; css=&#8221;.vc_custom_1529315130558{margin-bottom: -10px !important;background-image: url(https:\/\/livewp.site\/wp\/md\/surfy\/wp-content\/uploads\/sites\/43\/2018\/05\/bg_home_02_02.jpg?id=3701) !important;background-position: center !important;background-repeat: no-repeat !important;background-size: cover !important;}&#8221;][vc_column][gt3_spacing height=&#8221;256px&#8221; responsive_es=&#8221;true&#8221; height_tablet=&#8221;206&#8243; height_mobile=&#8221;81&#8243;][gt3_custom_text css_animation=&#8221;fadeIn&#8221; text_color=&#8221;#ffffff&#8221; font_size=&#8221;100&#8243; line_height=&#8221;100&#8243; use_theme_fonts=&#8221;&#8221; google_fonts_text=&#8221;font_family:Kaushan%20Script%3Aregular|font_style:400%20regular%3A400%3Anormal&#8221; responsive_font=&#8221;true&#8221; font_size_tablet=&#8221;70&#8243; font_size_mobile=&#8221;50&#8243;]\n<p style=\"text-align: center;\">Warum ist Blissful Beach Bum anders?<\/p>\n[\/gt3_custom_text][gt3_spacing height=&#8221;38px&#8221;][gt3_button button_title=&#8221;Erfahren Sie mehr&#8221; button_size=&#8221;large&#8221; button_alignment=&#8221;center&#8221; btn_border_radius=&#8221;3px&#8221; use_theme_button=&#8221;&#8221; btn_bg_color=&#8221;#ffffff&#8221; btn_text_color=&#8221;#eb5e6e&#8221; btn_bg_color_hover=&#8221;#eb5e6e&#8221; btn_text_color_hover=&#8221;#ffffff&#8221; btn_icon_color=&#8221;#ffffff&#8221; btn_icon_color_hover=&#8221;#ffffff&#8221; btn_border_color=&#8221;#ffffff&#8221; btn_border_color_hover=&#8221;#eb5e6e&#8221; link=&#8221;url:https%3A%2F%2Fblissfulbeachbum.com%2Fde%2Fwhy-blissful-beach-bum%2F|title:Why%20Blissful%20Beach%20Bum%3F&#8221;][gt3_spacing height=&#8221;253px&#8221; responsive_es=&#8221;true&#8221; height_tablet=&#8221;203&#8243; height_mobile=&#8221;81&#8243;][\/vc_column][\/vc_row][vc_row full_width=&#8221;stretch_row&#8221; column_separator_row=&#8221;&#8221; masked_row=&#8221;&#8221; css=&#8221;.vc_custom_1713162097594{background-color: #28323e !important;}&#8221;][vc_column][gt3_spacing height=&#8221;57px&#8221; responsive_es=&#8221;true&#8221; height_mobile=&#8221;27&#8243;][vc_row_inner][vc_column_inner width=&#8221;7\/12&#8243; offset=&#8221;vc_col-xs-7&#8243;][gt3_custom_text text_color=&#8221;#ffffff&#8221; font_size=&#8221;30&#8243; responsive_font=&#8221;true&#8221; font_size_mobile=&#8221;26&#8243;]Das gl\u00fcckselige Erlebnis rund um Weligama&#8230;..[\/gt3_custom_text][\/vc_column_inner][vc_column_inner width=&#8221;5\/12&#8243; offset=&#8221;vc_col-xs-5&#8243;][gt3_custom_text text_color=&#8221;#909aa3&#8243; font_size=&#8221;16&#8243;]\n<p style=\"text-align: right;\"><a class=\"view_all_link shortcode_button btn_normal btn_type2\" href=\"https:\/\/blissfulbeachbum.com\/de\/why-blissful-beach-bum\/\" title=\"WARUM BLISSFUL BEACH BUM\">Alle anzeigen<\/a><\/p>\n[\/gt3_custom_text][\/vc_column_inner][\/vc_row_inner][gt3_spacing height=&#8221;22px&#8221;][gt3_custom_text text_color=&#8221;#c9d4dc&#8221; font_size=&#8221;16&#8243; line_height=&#8221;190&#8243;]Von der Abholung und R\u00fcckgabe vom Flughafen \u00fcber die Zusammenstellung individueller Reiserouten f\u00fcr Ihren Surftrip (und sogar etwas f\u00fcr die Familie, wenn sie Orte in und um Weligama genie\u00dfen m\u00f6chte) versprechen wir Ihnen ein gl\u00fcckseliges Erlebnis. Wenn Sie Abenteuer m\u00f6gen, werden Sie Weligama LIEBEN. Von Walbeobachtungen \u00fcber Hochseefischen bis hin zum Schwimmen mit gef\u00e4hrdeten Meeresschildkr\u00f6ten oder einfach nur zum Entspannen an klaren Sandstr\u00e4nden in den Coconut Bays &#8230; Weligama hat alles. Und vergessen wir nicht die coole und schicke Atmosph\u00e4re, erg\u00e4nzt durch eine gro\u00dfe Auswahl an Speisen und Gastfreundschaft am Strand, um Ihren Tag auf GL\u00dcCKLICHE Weise ausklingen zu lassen&#8230;.[\/gt3_custom_text][gt3_spacing height=&#8221;44px&#8221;][vc_row_inner][vc_column_inner width=&#8221;1\/3&#8243;][vc_single_image image=&#8221;4656&#8243; img_size=&#8221;900&#215;900&#8243; css=&#8221;.vc_custom_1713255071684{padding-bottom: 20px !important;}&#8221;][gt3_custom_text text_color=&#8221;#ffffff&#8221; font_size=&#8221;22&#8243;]\n<h4 style=\"text-align: center;\">Abholung und R\u00fcckgabe vom Flughafen<\/h4>\n[\/gt3_custom_text][vc_column_text]\n<p style=\"text-align: center;\">Unser Team aus professionellen Chauffeuren sorgt daf\u00fcr, dass Sie bequem vom Flughafen zum Hotel reisen. Au\u00dferdem beraten sie Sie am besten, wie Sie dem Stau ausweichen k\u00f6nnen, wenn Sie Ihren Flug rechtzeitig erreichen und sicher abfliegen m\u00f6chten.<\/p>\n[\/vc_column_text][vc_column_text css=&#8221;.vc_custom_1724241139085{padding-top: 20px !important;}&#8221;]\n<p style=\"text-align: center;\"><a href=\"https:\/\/blissfulbeachbum.com\/de\/why-blissful-beach-bum\/\" class=\"gt3_practice_list__link learn_more\" title=\"WARUM BLISSFUL BEACH BUM\">Erfahren Sie mehr<\/a><\/p>\n[\/vc_column_text][\/vc_column_inner][vc_column_inner width=&#8221;1\/3&#8243;][vc_single_image image=&#8221;4421&#8243; img_size=&#8221;full&#8221; css=&#8221;.vc_custom_1713170807329{padding-bottom: 20px !important;}&#8221;][gt3_custom_text text_color=&#8221;#ffffff&#8221; font_size=&#8221;22&#8243;]\n<h4 style=\"text-align: center;\">Walbeobachtung\/Sightseeing<\/h4>\n[\/gt3_custom_text][vc_column_text]\n<p style=\"text-align: center;\">Die ozeanische Sch\u00f6nheit von Weligama geht \u00fcber die Str\u00e4nde und K\u00fcsten hinaus. Walbeobachtung, Hochseeangeln und Schwimmen mit gef\u00e4hrdeten Meeresschildkr\u00f6ten sind Erlebnisse, die Sie ganz nach Ihren W\u00fcnschen planen k\u00f6nnen.<\/p>\n[\/vc_column_text][vc_column_text css=&#8221;.vc_custom_1724241158812{padding-top: 20px !important;}&#8221;]\n<p style=\"text-align: center;\"><a href=\"https:\/\/blissfulbeachbum.com\/de\/tour-options\/\" class=\"gt3_practice_list__link learn_more\" title=\"TOUROPTIONEN\">Erfahren Sie mehr<\/a><\/p>\n[\/vc_column_text][\/vc_column_inner][vc_column_inner width=&#8221;1\/3&#8243;][vc_single_image image=&#8221;4642&#8243; img_size=&#8221;900&#215;900&#8243; css=&#8221;.vc_custom_1713252598273{padding-bottom: 20px !important;}&#8221;][gt3_custom_text text_color=&#8221;#ffffff&#8221; font_size=&#8221;22&#8243;]\n<h4 style=\"text-align: center;\">Tagesausfl\u00fcge \/ Besichtigungen<\/h4>\n[\/gt3_custom_text][vc_column_text]\n<p style=\"text-align: center;\">Tauchen Sie tief in Ella ein \u2013 Sri Lankas Bergland oder besuchen Sie Galle auf einem Tagesausflug mit Flusssafari, Meeresschildkr\u00f6ten- und Stelzenfischen. Tagestouren k\u00f6nnen je nach Personenzahl und Dauer individuell an Ihre gew\u00fcnschte Reiseroute angepasst werden.<\/p>\n[\/vc_column_text][vc_column_text css=&#8221;.vc_custom_1724241179070{padding-top: 20px !important;}&#8221;]\n<p style=\"text-align: center;\"><a href=\"https:\/\/blissfulbeachbum.com\/de\/tour-options\/\" class=\"gt3_practice_list__link learn_more\" title=\"TOUROPTIONEN\">Erfahren Sie mehr<\/a><\/p>\n[\/vc_column_text][\/vc_column_inner][\/vc_row_inner][gt3_spacing height=&#8221;30px&#8221; responsive_es=&#8221;true&#8221; height_mobile=&#8221;0px&#8221;][\/vc_column][\/vc_row][vc_row full_width=&#8221;stretch_row_content_no_spaces&#8221; column_separator_row=&#8221;&#8221; masked_row=&#8221;&#8221;][vc_column][vc_row_inner][vc_column_inner width=&#8221;1\/4&#8243; css=&#8221;.vc_custom_1710995684680{background-image: url(https:\/\/blissfulbeachbum.com\/beta\/wp-content\/uploads\/2018\/05\/img_home_02_9.jpg?id=3855) !important;background-position: center !important;background-repeat: no-repeat !important;background-size: cover !important;}&#8221;][gt3_spacing height=&#8221;59px&#8221;][gt3_counter icon_type=&#8221;none&#8221; counter_title=&#8221;Optionen f\u00fcr Surfseiten&#8230;.&#8221; counter_value=&#8221;10&#8243; counter_value_size=&#8221;70&#8243; counter_value_color=&#8221;#ffffff&#8221; title_color=&#8221;#ffffff&#8221;][gt3_spacing height=&#8221;110px&#8221;][\/vc_column_inner][vc_column_inner width=&#8221;1\/4&#8243; css=&#8221;.vc_custom_1710995710403{background-image: url(https:\/\/blissfulbeachbum.com\/beta\/wp-content\/uploads\/2018\/05\/img_home_02_10.jpg?id=3851) !important;background-position: center !important;background-repeat: no-repeat !important;background-size: cover !important;}&#8221;][gt3_spacing height=&#8221;59px&#8221;][gt3_counter icon_type=&#8221;none&#8221; counter_title=&#8221;Wenige Studenten f\u00fcr Aufmerksamkeit&#8221; counter_value=&#8221;4&#8243; counter_value_size=&#8221;70&#8243; counter_value_color=&#8221;#ffffff&#8221; title_color=&#8221;#ffffff&#8221;][gt3_spacing height=&#8221;110px&#8221;][\/vc_column_inner][vc_column_inner width=&#8221;1\/4&#8243; css=&#8221;.vc_custom_1710995718410{background-image: url(https:\/\/blissfulbeachbum.com\/beta\/wp-content\/uploads\/2018\/05\/img_home_02_7.jpg?id=3853) !important;background-position: center !important;background-repeat: no-repeat !important;background-size: cover !important;}&#8221;][gt3_spacing height=&#8221;59px&#8221;][gt3_counter icon_type=&#8221;none&#8221; counter_title=&#8221;Stundenlang erfahrene Lehrer&#8221; counter_value=&#8221;1000&#8243; counter_suffix=&#8221;+&#8221; counter_value_size=&#8221;70&#8243; counter_value_color=&#8221;#ffffff&#8221; title_color=&#8221;#ffffff&#8221;][gt3_spacing height=&#8221;110px&#8221;][\/vc_column_inner][vc_column_inner width=&#8221;1\/4&#8243; css=&#8221;.vc_custom_1712471817703{background-image: url(https:\/\/blissfulbeachbum.com\/beta\/wp-content\/uploads\/2024\/04\/1-goal.jpeg?id=4513) !important;background-position: center !important;background-repeat: no-repeat !important;background-size: cover !important;}&#8221;][gt3_spacing height=&#8221;59px&#8221;][gt3_counter icon_type=&#8221;none&#8221; counter_title=&#8221;Ziel: Dich zum Surfen zu bringen :)&#8221; counter_value=&#8221;1&#8243; counter_value_size=&#8221;70&#8243; counter_value_color=&#8221;#ffffff&#8221; title_color=&#8221;#ffffff&#8221;][gt3_spacing height=&#8221;110px&#8221;][\/vc_column_inner][\/vc_row_inner][\/vc_column][\/vc_row][vc_row full_width=&#8221;stretch_row&#8221; column_separator_row=&#8221;&#8221; masked_row=&#8221;&#8221; css=&#8221;.vc_custom_1531118034440{background-color: #28323e !important;}&#8221;][vc_column][gt3_spacing height=&#8221;57px&#8221; responsive_es=&#8221;true&#8221; height_mobile=&#8221;27&#8243;][gt3_team use_filter=&#8221;&#8221; module_on_dark_bg=&#8221;yes&#8221; posts_per_line=&#8221;2&#8243; title=&#8221;Treffen Sie unser Team&#8221; subtitle=&#8221;Der Trainer macht den Unterschied. Von der Technik bis zur Sicherheit \u2013 unsere Trainer sind erfahrene Profis mit Hunderten von Stunden Surf- und Trainingserfahrung. Sie leben selbst gerne den Surf-Lebensstil und sind nicht nur Soul-Surfer, sondern auch qualifizierte Wassersicherheitsspezialisten mit CPR- und Erster-Hilfe-Zertifikat!&#8221; build_query=&#8221;size:2|order_by:date&#8221;][gt3_spacing height=&#8221;91px&#8221; responsive_es=&#8221;true&#8221; height_mobile=&#8221;60&#8243;][\/vc_column][\/vc_row][vc_row full_width=&#8221;stretch_row&#8221; column_separator_row=&#8221;&#8221; masked_row=&#8221;true&#8221; mask_image=&#8221;3692&#8243; css=&#8221;.vc_custom_1531118058325{background-image: url(https:\/\/livewp.site\/wp\/md\/surfy\/wp-content\/uploads\/sites\/43\/2018\/05\/home_01_map_bg.jpg?id=3088) !important;background-position: center !important;background-repeat: no-repeat !important;background-size: cover !important;}&#8221;][vc_column][gt3_spacing height=&#8221;97px&#8221; responsive_es=&#8221;true&#8221; height_mobile=&#8221;47&#8243;][gt3_custom_text text_color=&#8221;#ffffff&#8221; font_size=&#8221;25&#8243; line_height=&#8221;100&#8243;]\n<p style=\"text-align: center;\"><span style=\"font-weight: 300;\" class=\"gt3_font-weight\">Jetzt anrufen: <a href=\"tel:+940767107201\">+94-0767107201<\/a> or <a href=\"https:\/\/wa.me\/940767107201?text=I%27m%20interested\" rel=\"noopener\" target=\"_blank\"><i class=\"fa fa-whatsapp\">\u00a0<\/i> WhatsApp<\/a><\/span><\/p>\n<p>&nbsp;<\/p>\n<p style=\"text-align: center;\"><span style=\"font-weight: 300;\" class=\"gt3_font-weight\">E-Mail: <a href=\"mailto:info@blissfulbeachbum.com\" rel=\"noopener\" target=\"_blank\">info@blissfulbeachbum.com<\/a><\/span><\/p>\n<p>&nbsp;<\/p>\n<p style=\"text-align: center;\"><span style=\"font-weight: 300;\" class=\"gt3_font-weight\">Address: No 28,<br \/>\nSamaraweera Place, Matara, Weligama, 81700,<br \/>\nSri Lanka |\u00a0<a href=\"https:\/\/maps.app.goo.gl\/sRjLfndLYxxiMHvUA\" rel=\"noopener\" target=\"_blank\"><i class=\"fa fa-location-arrow\">\u00a0<\/i> Wegbeschreibung abrufen<\/a><\/span><\/p>\n[\/gt3_custom_text][gt3_spacing height=&#8221;13px&#8221;][gt3_spacing height=&#8221;59px&#8221;][gt3_button button_title=&#8221;Schreiben Sie uns&#8221; button_size=&#8221;large&#8221; button_alignment=&#8221;center&#8221; btn_border_radius=&#8221;3px&#8221; use_theme_button=&#8221;&#8221; btn_bg_color=&#8221;#eb5e6e&#8221; btn_text_color=&#8221;#ffffff&#8221; btn_bg_color_hover=&#8221;#ffffff&#8221; btn_text_color_hover=&#8221;#eb5e6e&#8221; btn_icon_color=&#8221;#ffffff&#8221; btn_icon_color_hover=&#8221;#ffffff&#8221; btn_border_color=&#8221;#eb5e6e&#8221; btn_border_color_hover=&#8221;#ffffff&#8221; link=&#8221;url:https%3A%2F%2Fblissfulbeachbum.com%2Fde%2Fcontact-us%2F|title:Kontakt&#8221;][gt3_spacing height=&#8221;103px&#8221;][gt3_spacing height=&#8221;46px&#8221;][\/vc_column][\/vc_row]\n<\/div>","protected":false},"excerpt":{"rendered":"<p>[vc_row full_width=&#8221;stretch_row_content_no_spaces&#8221; column_separator_row=&#8221;&#8221; masked_row=&#8221;true&#8221; mask_image=&#8221;3693&#8243; css=&#8221;.vc_custom_1559728455567{margin-top: -80px !important;margin-bottom: -5px !important;}&#8221; el_id=&#8221;welcome_to_the_surfy&#8221;][vc_column][rev_slider_vc alias=&#8221;home_02&#8211;Backup&#8221;][\/vc_column][\/vc_row][vc_row full_width=&#8221;stretch_row&#8221; equal_height=&#8221;yes&#8221; column_separator_row=&#8221;&#8221; masked_row=&#8221;&#8221; css=&#8221;.vc_custom_1713596471369{margin-top: -10px !important;background: #fbfbf3 url(https:\/\/blissfulbeachbum.com\/wp-content\/uploads\/2018\/05\/bg_home_02_01-1.jpg?id=3837) !important;background-position: center !important;background-repeat: no-repeat !important;background-size: cover !important;}&#8221;][vc_column width=&#8221;1\/2&#8243;][\/vc_column][vc_column width=&#8221;1\/2&#8243; css=&#8221;.vc_custom_1526047180310{padding-right: 10% !important;padding-left: 10% !important;}&#8221;][gt3_spacing height=&#8221;63px&#8221; responsive_es=&#8221;true&#8221; height_mobile=&#8221;0px&#8221;][gt3_custom_text text_color=&#8221;#27323d&#8221; font_size=&#8221;70&#8243; line_height=&#8221;110&#8243; use_theme_fonts=&#8221;&#8221; google_fonts_text=&#8221;font_family:Kaushan%20Script%3Aregular|font_style:400%20regular%3A400%3Anormal&#8221; responsive_font=&#8221;true&#8221; font_size_mobile=&#8221;46&#8243; font_size_tablet=&#8221;46&#8243;] Surfen in Weligama\u2026 &#8230;. [\/gt3_custom_text][gt3_spacing height=&#8221;39px&#8221;][vc_separator color=&#8221;custom&#8221; el_width=&#8221;40px&#8221; accent_color=&#8221;#27323d&#8221;][gt3_spacing [&hellip;]<\/p>\n","protected":false},"author":1,"featured_media":0,"parent":0,"menu_order":0,"comment_status":"closed","ping_status":"closed","template":"full-width.php","meta":{"om_disable_all_campaigns":false,"_monsterinsights_skip_tracking":false,"_monsterinsights_sitenote_active":false,"_monsterinsights_sitenote_note":"","_monsterinsights_sitenote_category":0,"footnotes":""},"class_list":["post-14","page","type-page","status-publish","hentry"],"aioseo_notices":[],"_links":{"self":[{"href":"https:\/\/blissfulbeachbum.com\/de\/wp-json\/wp\/v2\/pages\/14","targetHints":{"allow":["GET"]}}],"collection":[{"href":"https:\/\/blissfulbeachbum.com\/de\/wp-json\/wp\/v2\/pages"}],"about":[{"href":"https:\/\/blissfulbeachbum.com\/de\/wp-json\/wp\/v2\/types\/page"}],"author":[{"embeddable":true,"href":"https:\/\/blissfulbeachbum.com\/de\/wp-json\/wp\/v2\/users\/1"}],"replies":[{"embeddable":true,"href":"https:\/\/blissfulbeachbum.com\/de\/wp-json\/wp\/v2\/comments?post=14"}],"version-history":[{"count":114,"href":"https:\/\/blissfulbeachbum.com\/de\/wp-json\/wp\/v2\/pages\/14\/revisions"}],"predecessor-version":[{"id":5075,"href":"https:\/\/blissfulbeachbum.com\/de\/wp-json\/wp\/v2\/pages\/14\/revisions\/5075"}],"wp:attachment":[{"href":"https:\/\/blissfulbeachbum.com\/de\/wp-json\/wp\/v2\/media?parent=14"}],"curies":[{"name":"wp","href":"https:\/\/api.w.org\/{rel}","templated":true}]}}